{"id":5431,"date":"2019-12-05T12:34:54","date_gmt":"2019-12-05T11:34:54","guid":{"rendered":"https:\/\/palazzoducale.genova.it\/privacy-e-cookies\/"},"modified":"2026-01-30T14:06:56","modified_gmt":"2026-01-30T13:06:56","slug":"privacy-e-cookies-videosorveglianza","status":"publish","type":"page","link":"https:\/\/palazzoducale.genova.it\/en\/privacy-e-cookies-videosorveglianza\/","title":{"rendered":"Politica della privacy &amp; Cookies"},"content":{"rendered":"\n<div class=\"wp-block-group\"><div class=\"wp-block-group__inner-container is-layout-flow wp-block-group-is-layout-flow\">\n<h2 class=\"wp-block-heading\">Politica della privacy &amp; Cookies<\/h2>\n\n\n\n<p>Ai sensi dell\u2019art. 13 GDPR (Regolamento U.E. n.679\/2016), si forniscono, in coerenza del principio di trasparenza, le seguenti informazioni al fine di rendere consapevole l\u2019utente delle caratteristiche e modalit\u00e0 del trattamento dei dati:<br><br>a)<strong>Identit\u00e0 e dati di contatto<\/strong><br>Si informa che il \u201cTitolare\u201d del trattamento \u00e8 il rappresentante Legale di Palazzo Ducale Fondazione per la Cultura<br>Piazza Matteotti 9, 16123 Genova<br>telefono: 010 8171600<br>indirizzo mail:palazzoducale@palazzoducale.genova.it<br>casella di posta elettronica certificata (Pec): palazzoducale@pec.palazzoducale.genova.it<br><br>b) <strong>Dati di contatto del responsabile della protezione dei dati personali (DPO)<\/strong><br>Si informa che la Fondazione ha designato, ai sensi dell\u2019art. 37 GDPR il responsabile del trattamento dei dati personali (Data protection officer) contattabile attraverso :<br>-indirizzo postale<br>DPO \u2013 Palazzo Ducale<br>Piazza Matteotti 9<br>16123 Genova<br>&#8211; indirizzo mail: privacy@palazzoducale.genova.it<br>&#8211; telefono 010.8171600<br><br>c) <strong>Finalit\u00e0 del trattamento e base giuridica<\/strong><br>I trattamenti dei dati richiesti all\u2019interessato sono effettuati ai sensi dell\u2019art. 6, lett. e) del regolamento UE 2016\/679 per finalit\u00e0 istituzionali relative ai servizi offerti dal sito web<br><br>d) <strong>Destinatari ed eventuali categorie di destinatari dei dati personali<\/strong><br>I dati sono trattati all\u2019interno della Fondazione da soggetti autorizzati del trattamento dei dati sotto la responsabilit\u00e0 del Titolare per le finalit\u00e0 sopra riportate<br><br>e) <strong>Trasferimento dati a paese terzo<\/strong><br>Si informa che il titolare non intende trasferire i dati ad un paese terzo<br><br>f) <strong>Periodo di conservazione dei dati<\/strong><br>I dati sono conservati fino a recova<br><br>g) <strong>Diritti sui dati<\/strong><br>Si precisa che, in riferimento ai propri dati personali, l\u2019utente pu\u00f2 esercitare i seguenti diritti:<br>diritto di accesso ai suoi dati personali; diritto di ottenere la rettifica o la cancellazione degli stessi o la limitazione del trattamento che lo riguardano<br>diritto di opporsi al trattamento<br>diritto alla portabilit\u00e0 dei dati (diritto applicabile ai soli dati in formato elettronico), cos\u00ec come disciplinato dall\u2019art. 20 GDPR<br>Si precisa che il diritto di revoca del consenso non pu\u00f2 ovviamente riguardare i casi in cui il trattamento effettuato dal nostro ente \u00e8 necessario per adempiere un obbligo legale al quale \u00e8 soggetto il titolare del trattamento o per l\u2019esecuzione di un compito di interesse pubblico o connesso all\u2019esercizio di pubblici poteri di cui \u00e8 investito il nostro ente in qualit\u00e0 di titolare del trattamento. In merito alle modalit\u00e0 di esercizio dei sopracitati diritti, l\u2019interessato pu\u00f2 scrivere a: privacy@palazzoducale.genova.it<br><br>h) <strong>Reclamo<\/strong><br>Si informa l\u2019interessato che ha diritto di proporre reclamo all\u2019autorit\u00e0 di controllo e pu\u00f2 rivolgersi al GARANTE DELLA PRIVACY.<br>Per approfondimenti, consultare il sito istituzionale del Garante privacy www.garanteprivacy.it<br><br>i) <strong>Comunicazioni di dati<\/strong><br>Si informa che la comunicazione di dati personali \u00e8 un obbligo legale o contrattuale oppure un requisito necessario per la conclusione di un contratto<br><br>j) <strong>Conferimento dei dati<\/strong><br>L\u2019interessato \u00e8 obbligato a fornire i dati laddove previsto dal servizio. Il mancato conferimento dei dati non consentir\u00e0 all\u2019interessato di procedere al perfezionamento del servizio\/procedimento.<br><br>k) <strong>Finalit\u00e0 diversa del trattamento<\/strong><br>Il titolare del trattamento che intenda trattare ulteriormente i dati personali per una finalit\u00e0 diversa da quella per cui essi sono stati raccolti, prima di tale ulteriore trattamento, fornir\u00e0 all\u2019interessato informazioni in merito a tale diversa finalit\u00e0 e ogni ulteriore informazione pertinente.<br><br>l) <strong>Profilazione<\/strong><br>Il titolare non utilizza processi automatizzati finalizzati alla profilazione.\u00a0\u00a0\u00a0<\/p>\n\n\n\n<p><br><strong>Reinoltro a siti esterni<\/strong><br>Palazzo Ducale Fondazione per la Cultura non assume alcuna responsabilit\u00e0 in ordine al contenuto dei siti a cui \u00e8 possibile accedere tramite i collegamenti posti all\u2019interno del sito stesso, forniti come semplice servizio agli utenti. La loro presenza non implica n\u00e9 l\u2019approvazione dei contenuti ivi presentati n\u00e8 alcuna forma di assicurazione circa la qualit\u00e0 dei servizi o dei prodotti ivi disponibili.<br><br><strong>Cookies<\/strong><br>Palazzo Ducale Fondazione per la Cultura garantisce che il trattamento dei dati, pervenuti via posta elettronica o su moduli elettronici di registrazione, \u00e8 conforme a quanto previsto dalla normativa sulla privacy.<br>Non viene fatto uso di cookies per la trasmissione di informazioni di carattere personale, n\u00e9 vengono utilizzati c.d. cookies persistenti di alcun tipo, ovvero sistemi per il tracciamento degli utenti.<br>Su questo sito \u00e8 inoltre in corso una rilevazione statistica tramite l\u2019utilizzo dello strumento Google Analytics, che utilizza cookie ed altri parametri di analisi. secondo le modalit\u00e0 illustrate dal documento relativo alle Norme generiche sulla privacy e dal documento specifico in merito all\u2019utilizzo delle informazioni raccolte con Google Analytics.<br>Nessun dato personale degli utenti viene di proposito acquisito dal sito.<br>L\u2019uso di c.d. cookies di sessione \u00e8 strettamente limitato alla trasmissione di identificativi di sessione (costituiti da numeri casuali generati dal server) necessari per consentire l\u2019esplorazione sicura ed efficiente del sito.<br>Questo sito NON utilizza alcun cookie di profilazione.In merito ai Cookie di terze parti si inserisce nella presente Cookie policy il link ai siti di terza parte.<\/p>\n\n\n\n<p><strong>Definizioni<\/strong>I cookie sono brevi frammenti di testo (lettere e\/o numeri) che permettono al server web di memorizzare sul client (il browser) informazioni da riutilizzare nel corso della medesima visita al sito (cookie di sessione) o in seguito, anche a distanza di giorni (cookie persistenti). I cookie vengono memorizzati, in base alle preferenze dell\u2019utente, dal singolo browser sullo specifico dispositivo utilizzato (computer, tablet, smartphone).Tecnologie similari, come, ad esempio, web beacon, GIF trasparenti e tutte le forme di storage locale introdotte con HTML5, sono utilizzabili per raccogliere informazioni sul comportamento dell\u2019utente e sull\u2019utilizzo dei servizi.Nel seguito di questo documento faremo riferimento ai cookie e a tutte le tecnologie similari utilizzando semplicemente il termine \u201ccookie\u201d.<\/p>\n\n\n\n<p><strong>Tipologie di cookie<\/strong> In base alle caratteristiche e all\u2019utilizzo dei cookie possiamo distinguere diverse categorie:<em>Cookie tecnici<\/em>: sono quelli utilizzati al solo fine di \u201ceffettuare la trasmissione di una comunicazione su una rete di comunicazione elettronica, o nella misura strettamente necessaria al fornitore di un servizio della societ\u00e0 di informazione esplicitamente richiesto dall\u2019abbonato o dall\u2019utente a erogare tale servizio\u201d (art. 122, I comma, Codice della Privacy). Possono essere suddivisi in cookie di navigazione o di sessione, che garantiscono la normale navigazione e fruizione del sito web (permettendo, ad esempio, di realizzare un acquisto o autenticarsi per accedere ad aree riservate).<br><em>Cookie analitici<\/em>: sono assimilati ai cookie tecnici e sono quelli utilizzati direttamente dal gestore del sito per raccogliere informazioni, in forma aggregata, sugli accessi e numero di utenti e su come questi utilizzano il sito. Perseguono esclusivamente scopi statistici.<br><em>Cookie funzionali<\/em>: sono quelli che permettono all\u2019utente la navigazione in funzione di una serie di criteri selezionati, quali ad esempio la lingua, i prodotti selezionati per l\u2019acquisto, al fine di migliorare il servizio.<br><em>Cookie di profilazione<\/em>: sono quelli volti a creare profili relativi all\u2019utente e sono utilizzati al fine di inviare messaggi pubblicitari in linea con le preferenze manifestate dallo stesso nell\u2019ambito della navigazione in rete.<br><em>Cookie di terze parti<\/em>: nel corso della navigazione sul sito, l\u2019utente potrebbe ricevere sul suo terminale anche cookie di siti o di web server diversi, che sono impostati direttamente da gestori di siti web o servers diversi dal sito. Questi cookie possono essere inviati al broswer dell\u2019utente da societ\u00e0 terze direttamente dai loro siti web, cui \u00e8 possibile accedere navigando dal sito. In tali casi, il gestore di questo sito \u00e8 estraneo alla operativit\u00e0 di tali cookie, il cui invio rientra nella responsabilit\u00e0 di tali societ\u00e0 terze.<em>Cookie di terze parti<\/em><br>Visitando un sito web si possono ricevere cookie sia dal sito visitato (\u201cproprietari\u201d), sia da siti gestiti da altre organizzazioni (\u201cterze parti\u201d). Un esempio notevole \u00e8 rappresentato dalla presenza dei \u201csocial plugin\u201d per Facebook, Twitter, Google+ e LinkedIn. Si tratta di parti della pagina visitata generate direttamente dai suddetti siti ed integrati nella pagina del sito ospitante. L\u2019utilizzo pi\u00f9 comune dei social plugin \u00e8 finalizzato alla condivisione dei contenuti sui social network.<br>La presenza di questi plugin comporta la trasmissione di cookie da e verso tutti i siti gestiti da terze parti. La gestione delle informazioni raccolte da \u201cterze parti\u201d \u00e8 disciplinata dalle relative informative cui si prega di fare riferimento. Per garantire una maggiore trasparenza e comodit\u00e0, si riportano qui di seguito gli indirizzi web delle diverse informative e delle modalit\u00e0 per la gestione dei cookie.<\/p>\n\n\n\n<p><strong>Facebook informativa<\/strong>:&nbsp;<a href=\"https:\/\/www.facebook.com\/help\/cookies\/\">https:\/\/www.facebook.com\/help\/cookies\/<\/a><br><strong>Facebook (configurazione)<\/strong>: accedere al proprio account. Sezione privacy.<br><strong>Twitter informative<\/strong>:<a href=\"http:\/\/www.localhost\/palazzo-ducale\/politica-della-privacy-cookies\/%20https:\/\/support.twitter.com\/articles\/20170514\">&nbsp;https:\/\/support.twitter.com\/articles\/20170514<\/a><br><strong>Twitter (configurazione)<\/strong>:&nbsp;<a href=\"https:\/\/twitter.com\/settings\/security\">https:\/\/twitter.com\/settings\/security<\/a><br><strong>Linkedin informativa<\/strong>:&nbsp;<a href=\"https:\/\/www.linkedin.com\/legal\/cookie-policy\">https:\/\/www.linkedin.com\/legal\/cookie-policy<\/a><br><strong>Linkedin (configurazione)<\/strong>:&nbsp;<a href=\"https:\/\/www.linkedin.com\/settings\/\">https:\/\/www.linkedin.com\/settings\/<\/a><em>Siti di terze parti<\/em><br><br>I siti di terze parti a cui \u00e8 possibile accedere tramite questo sito web non sono coperti dalla presente informativa. Palazzo Ducale Fondazione per la Cultura declina ogni responsabilit\u00e0 in merito ad essi. Le categorie di cookie utilizzate e il tipo di trattamento di dati personali da parte di queste aziende sono regolati in conformit\u00e0 all\u2019informativa rese da queste aziende.<strong>Google Analytics<\/strong><br>Il nostro sito include anche talune componenti trasmesse da Google Analytics, un servizio di analisi del traffico web fornito da Google, Inc. (\u201cGoogle\u201d). Anche in questo caso si tratta di cookie di terze parti raccolti e gestiti in modo anonimo per monitorare e migliorare le prestazioni del sito ospite (performance cookie).Google Analytics utilizza i \u201ccookie\u201d per raccogliere e analizzare in forma anonima le informazioni sui comportamenti di utilizzo dei siti web (compreso l\u2019indirizzo IP dell\u2019utente). Tali informazioni vengono raccolte da Google Analytics, che le elabora allo scopo di redigere report per gli operatori riguardanti le attivit\u00e0 sui siti web stessi. Questo sito non utilizza (e non consente a terzi di utilizzare) lo strumento di analisi di Google per monitorare o per raccogliere informazioni personali di identificazione. Google non associa l\u2019indirizzo IP a nessun altro dato posseduto da Google n\u00e9 cerca di collegare un indirizzo IP con l\u2019identit\u00e0 di un utente. Google pu\u00f2 anche comunicare queste informazioni a terzi ove ci\u00f2 sia imposto dalla legge o laddove tali terzi trattino le suddette informazioni per conto di Google.Per ulteriori informazioni, si rinvia al link di seguito indicato:&nbsp;<a href=\"https:\/\/www.google.it\/policies\/privacy\/partners\/\">https:\/\/www.google.it\/policies\/privacy\/partners\/<\/a>L\u2019utente pu\u00f2 disabilitare in modo selettivo l\u2019azione di Google Analytics installando sul proprio browser la componente di opt-out fornito da Google. Per disabilitare l\u2019azione di Google Analytics, si rinvia al link di seguito indicato:<br><a href=\"https:\/\/tools.google.com\/dlpage\/gaoptout\">https:\/\/tools.google.com\/dlpage\/gaoptout<\/a><\/p>\n\n\n\n<h3 class=\"wp-block-heading\">Durata dei cookie<\/h3>\n\n\n\n<p>Alcuni cookie (cookie di sessione) restano attivi solo fino alla chiusura del browser o all\u2019esecuzione del comando di logout. Altri cookie \u201csopravvivono\u201d alla chiusura del browser e sono disponibili anche in successive visite dell\u2019utente.<br>Questi cookie sono detti persistenti e la loro durata \u00e8 fissata dal server al momento della loro creazione. In alcuni casi \u00e8 fissata una scadenza, in altri casi la durata \u00e8 illimitata.<\/p>\n\n\n\n<h3 class=\"wp-block-heading\">Gestione dei cookie<\/h3>\n\n\n\n<p>L\u2019utente pu\u00f2 decidere se accettare o meno i cookie utilizzando le impostazioni del proprio browser.<br>Attenzione: la disabilitazione totale o parziale dei cookie tecnici pu\u00f2 compromettere l\u2019utilizzo delle funzionalit\u00e0 del sito riservate agli utenti registrati. Al contrario, la fruibilit\u00e0 dei contenuti pubblici \u00e8 possibile anche disabilitando completamente i cookie.<br>La disabilitazione dei cookie \u201cterze parti\u201d non pregiudica in alcun modo la navigabilit\u00e0.<br>L\u2019impostazione pu\u00f2 essere definita in modo specifico per i diversi siti e applicazioni web. Inoltre i migliori browser consentono di definire impostazioni diverse per i cookie \u201cproprietari\u201d e per quelli di \u201cterze parti\u201d.<br>A titolo di esempio, in<\/p>\n\n\n\n<p><em>Firefox<\/em>, attraverso il menu Strumenti-&gt;Opzioni -&gt;Privacy, \u00e8 possibile accedere ad un pannello di controllo dove \u00e8 possibile definire se accettare o meno i diversi tipi di cookie e procedere alla loro rimozione.<\/p>\n\n\n\n<p><em>Chrome<\/em>:&nbsp;<a href=\"https:\/\/support.google.com\/chrome\/answer\/95647?hl=it\">https:\/\/support.google.com\/chrome\/answer\/95647?hl=it<\/a><\/p>\n\n\n\n<p><em>Firefox<\/em>:&nbsp;<a href=\"https:\/\/support.mozilla.org\/it\/kb\/Gestione%20dei%20cookie\">https:\/\/support.mozilla.org\/it\/kb\/Gestione%20dei%20cookie<\/a><\/p>\n\n\n\n<p><em>Internet Explorer<\/em>:&nbsp;<a href=\"http:\/\/windows.microsoft.com\/it-it\/windows7\/how-to-manage-cookies-in-internet-explorer-9\">http:\/\/windows.microsoft.com\/it-it\/windows7\/how-to-manage-cookies-in-internet-explorer-9<\/a><\/p>\n\n\n\n<p><em>Opera<\/em>:&nbsp;<a href=\"https:\/\/help.opera.com\/en\/latest\/security-and-privacy\/\">https:\/\/help.opera.com\/en\/latest\/security-and-privacy\/<\/a><\/p>\n\n\n\n<p><em>Safari<\/em>:&nbsp;<a href=\"http:\/\/support.apple.com\/kb\/HT1677?viewlocale=it_IT\">http:\/\/support.apple.com\/kb\/HT1677?viewlocale=it_IT<\/a><\/p>\n\n\n\n<h2 class=\"wp-block-heading\">Eventbrite \u2013 prenotazione di eventi tramite il sito www.eventbrite.it<\/h2>\n\n\n\n<p>Palazzo Ducale pu\u00f2 in alcune occasioni appoggiarsi sul servizio di prenotazioni fornito dal sito www.eventbrite.it.<br>La politica della privacy del sito www.eventbrite.it \u00e8 riportata al link&nbsp;<a href=\"https:\/\/www.eventbrite.it\/support\/articles\/it\/Troubleshooting\/informativa-sulla-privacy-di-eventbrite?lg=it\">https:\/\/www.eventbrite.it\/support\/articles\/it\/Troubleshooting\/informativa-sulla-privacy-di-eventbrite?lg=it<\/a><br>I dati che Palazzo Ducale acquisisce dal sito eventbrite sono trattati unicamente per l\u2019espletameto del servizio a cui si riferiscono.<\/p>\n\n\n\n<p><\/p>\n\n\n\n<h2 class=\"wp-block-heading\"><strong>Informative<\/strong><\/h2>\n\n\n\n<p><a href=\"https:\/\/palazzoducale.genova.it\/informativa-videosorveglianza\/\">Informativa estesa Videosorveglianza ai sensi dell&#8217;art.13 Regolamento UE 2016\/679<\/a><\/p>\n\n\n\n<p><a href=\"https:\/\/palazzoducale.genova.it\/informazioni-ex-art-13-regolamento-ue-2016-679-gdpr\/(si apre in una nuova scheda)\">Informativa per fornitori ai sensi dell&#8217;art.13 Regolamento UE  2016\/679<\/a><\/p>\n\n\n\n<h2 class=\"wp-block-heading\">Utilizzo dei social media istituzionali<\/h2>\n\n\n\n<p>Palazzo Ducale Fondazione per la Cultura \u00e8 presente su piattaforme di social media al fine di promuovere le proprie attivit\u00e0 istituzionali, culturali ed espositive e favorire il dialogo con il pubblico.<\/p>\n\n\n\n<p>Le interazioni, i commenti e i contenuti pubblicati dagli utenti sulle pagine social ufficiali della Fondazione sono da considerarsi contenuti pubblici. Eventuali dati personali volontariamente inseriti dagli utenti nei commenti o nei messaggi pubblici sono trattati nel rispetto del Regolamento (UE) 2016\/679 (GDPR) e della normativa nazionale vigente, esclusivamente per finalit\u00e0 connesse alla gestione delle pagine istituzionali e all\u2019interazione con il pubblico.<\/p>\n\n\n\n<p>La gestione, la moderazione e l\u2019eventuale rimozione dei commenti pubblicati sulle pagine social della Fondazione avvengono secondo criteri di correttezza, pertinenza e rispetto del decoro, in conformit\u00e0 alla normativa vigente e a quanto previsto dalla Politica di moderazione dei commenti sui social media, consultabile nella sezione dedicata del sito istituzionale.<\/p>\n\n\n\n<p>Resta ferma la responsabilit\u00e0 individuale degli utenti per i contenuti pubblicati, ivi inclusi eventuali profili di illecito civile o penale.<\/p>\n\n\n\n<p><a href=\"https:\/\/palazzoducale.genova.it\/politicy-di-moderazione-dei-commenti-sui-social-media\/\">Per approfondimenti sulla policy relativa all&#8217;utilizzo dei social media istituzionali<\/a><\/p>\n<\/div><\/div>\n","protected":false},"excerpt":{"rendered":"<p>Politica della privacy &amp; Cookies Ai sensi dell\u2019art. 13 GDPR (Regolamento U.E. n.679\/2016), si forniscono, in coerenza del principio di trasparenza, le seguenti informazioni al fine di rendere consapevole l\u2019utente delle caratteristiche e modalit\u00e0 del trattamento dei dati: a)Identit\u00e0 e dati di contattoSi informa che il \u201cTitolare\u201d del trattamento \u00e8 il rappresentante Legale di Palazzo &hellip; <a href=\"https:\/\/palazzoducale.genova.it\/en\/privacy-e-cookies-videosorveglianza\/\">Continue<\/a><\/p>\n","protected":false},"author":7,"featured_media":0,"parent":0,"menu_order":0,"comment_status":"closed","ping_status":"closed","template":"","meta":{"_acf_changed":false,"inline_featured_image":false,"footnotes":""},"class_list":["post-5431","page","type-page","status-publish","hentry"],"acf":[],"yoast_head":"<!-- This site is optimized with the Yoast SEO plugin v26.0 - https:\/\/yoast.com\/wordpress\/plugins\/seo\/ -->\n<title>Politica della privacy &amp; Cookies -<\/title>\n<meta name=\"robots\" content=\"index, follow, max-snippet:-1, max-image-preview:large, max-video-preview:-1\" \/>\n<link rel=\"canonical\" href=\"https:\/\/palazzoducale.genova.it\/en\/privacy-e-cookies-videosorveglianza\/\" \/>\n<meta property=\"og:locale\" content=\"en_US\" \/>\n<meta property=\"og:type\" content=\"article\" \/>\n<meta property=\"og:title\" content=\"Politica della privacy &amp; Cookies -\" \/>\n<meta property=\"og:description\" content=\"Politica della privacy &amp; Cookies Ai sensi dell\u2019art. 13 GDPR (Regolamento U.E. n.679\/2016), si forniscono, in coerenza del principio di trasparenza, le seguenti informazioni al fine di rendere consapevole l\u2019utente delle caratteristiche e modalit\u00e0 del trattamento dei dati: a)Identit\u00e0 e dati di contattoSi informa che il \u201cTitolare\u201d del trattamento \u00e8 il rappresentante Legale di Palazzo &hellip; Continue\" \/>\n<meta property=\"og:url\" content=\"https:\/\/palazzoducale.genova.it\/en\/privacy-e-cookies-videosorveglianza\/\" \/>\n<meta property=\"article:modified_time\" content=\"2026-01-30T13:06:56+00:00\" \/>\n<meta name=\"twitter:card\" content=\"summary_large_image\" \/>\n<meta name=\"twitter:label1\" content=\"Est. reading time\" \/>\n\t<meta name=\"twitter:data1\" content=\"11 minutes\" \/>\n<script type=\"application\/ld+json\" class=\"yoast-schema-graph\">{\"@context\":\"https:\/\/schema.org\",\"@graph\":[{\"@type\":\"WebPage\",\"@id\":\"https:\/\/palazzoducale.genova.it\/en\/privacy-e-cookies-videosorveglianza\/\",\"url\":\"https:\/\/palazzoducale.genova.it\/en\/privacy-e-cookies-videosorveglianza\/\",\"name\":\"Politica della privacy &amp; Cookies -\",\"isPartOf\":{\"@id\":\"https:\/\/palazzoducale.genova.it\/#website\"},\"datePublished\":\"2019-12-05T11:34:54+00:00\",\"dateModified\":\"2026-01-30T13:06:56+00:00\",\"breadcrumb\":{\"@id\":\"https:\/\/palazzoducale.genova.it\/en\/privacy-e-cookies-videosorveglianza\/#breadcrumb\"},\"inLanguage\":\"en-US\",\"potentialAction\":[{\"@type\":\"ReadAction\",\"target\":[\"https:\/\/palazzoducale.genova.it\/en\/privacy-e-cookies-videosorveglianza\/\"]}]},{\"@type\":\"BreadcrumbList\",\"@id\":\"https:\/\/palazzoducale.genova.it\/en\/privacy-e-cookies-videosorveglianza\/#breadcrumb\",\"itemListElement\":[{\"@type\":\"ListItem\",\"position\":1,\"name\":\"Home\",\"item\":\"https:\/\/palazzoducale.genova.it\/en\/\"},{\"@type\":\"ListItem\",\"position\":2,\"name\":\"Politica della privacy &amp; Cookies\"}]},{\"@type\":\"WebSite\",\"@id\":\"https:\/\/palazzoducale.genova.it\/#website\",\"url\":\"https:\/\/palazzoducale.genova.it\/\",\"name\":\"Fondazione Palazzo Ducale\",\"description\":\"\",\"potentialAction\":[{\"@type\":\"SearchAction\",\"target\":{\"@type\":\"EntryPoint\",\"urlTemplate\":\"https:\/\/palazzoducale.genova.it\/?s={search_term_string}\"},\"query-input\":{\"@type\":\"PropertyValueSpecification\",\"valueRequired\":true,\"valueName\":\"search_term_string\"}}],\"inLanguage\":\"en-US\"}]}<\/script>\n<!-- \/ Yoast SEO plugin. -->","yoast_head_json":{"title":"Politica della privacy &amp; Cookies -","robots":{"index":"index","follow":"follow","max-snippet":"max-snippet:-1","max-image-preview":"max-image-preview:large","max-video-preview":"max-video-preview:-1"},"canonical":"https:\/\/palazzoducale.genova.it\/en\/privacy-e-cookies-videosorveglianza\/","og_locale":"en_US","og_type":"article","og_title":"Politica della privacy &amp; Cookies -","og_description":"Politica della privacy &amp; Cookies Ai sensi dell\u2019art. 13 GDPR (Regolamento U.E. n.679\/2016), si forniscono, in coerenza del principio di trasparenza, le seguenti informazioni al fine di rendere consapevole l\u2019utente delle caratteristiche e modalit\u00e0 del trattamento dei dati: a)Identit\u00e0 e dati di contattoSi informa che il \u201cTitolare\u201d del trattamento \u00e8 il rappresentante Legale di Palazzo &hellip; Continue","og_url":"https:\/\/palazzoducale.genova.it\/en\/privacy-e-cookies-videosorveglianza\/","article_modified_time":"2026-01-30T13:06:56+00:00","twitter_card":"summary_large_image","twitter_misc":{"Est. reading time":"11 minutes"},"schema":{"@context":"https:\/\/schema.org","@graph":[{"@type":"WebPage","@id":"https:\/\/palazzoducale.genova.it\/en\/privacy-e-cookies-videosorveglianza\/","url":"https:\/\/palazzoducale.genova.it\/en\/privacy-e-cookies-videosorveglianza\/","name":"Politica della privacy &amp; Cookies -","isPartOf":{"@id":"https:\/\/palazzoducale.genova.it\/#website"},"datePublished":"2019-12-05T11:34:54+00:00","dateModified":"2026-01-30T13:06:56+00:00","breadcrumb":{"@id":"https:\/\/palazzoducale.genova.it\/en\/privacy-e-cookies-videosorveglianza\/#breadcrumb"},"inLanguage":"en-US","potentialAction":[{"@type":"ReadAction","target":["https:\/\/palazzoducale.genova.it\/en\/privacy-e-cookies-videosorveglianza\/"]}]},{"@type":"BreadcrumbList","@id":"https:\/\/palazzoducale.genova.it\/en\/privacy-e-cookies-videosorveglianza\/#breadcrumb","itemListElement":[{"@type":"ListItem","position":1,"name":"Home","item":"https:\/\/palazzoducale.genova.it\/en\/"},{"@type":"ListItem","position":2,"name":"Politica della privacy &amp; Cookies"}]},{"@type":"WebSite","@id":"https:\/\/palazzoducale.genova.it\/#website","url":"https:\/\/palazzoducale.genova.it\/","name":"Fondazione Palazzo Ducale","description":"","potentialAction":[{"@type":"SearchAction","target":{"@type":"EntryPoint","urlTemplate":"https:\/\/palazzoducale.genova.it\/?s={search_term_string}"},"query-input":{"@type":"PropertyValueSpecification","valueRequired":true,"valueName":"search_term_string"}}],"inLanguage":"en-US"}]}},"_links":{"self":[{"href":"https:\/\/palazzoducale.genova.it\/en\/wp-json\/wp\/v2\/pages\/5431","targetHints":{"allow":["GET"]}}],"collection":[{"href":"https:\/\/palazzoducale.genova.it\/en\/wp-json\/wp\/v2\/pages"}],"about":[{"href":"https:\/\/palazzoducale.genova.it\/en\/wp-json\/wp\/v2\/types\/page"}],"author":[{"embeddable":true,"href":"https:\/\/palazzoducale.genova.it\/en\/wp-json\/wp\/v2\/users\/7"}],"replies":[{"embeddable":true,"href":"https:\/\/palazzoducale.genova.it\/en\/wp-json\/wp\/v2\/comments?post=5431"}],"version-history":[{"count":8,"href":"https:\/\/palazzoducale.genova.it\/en\/wp-json\/wp\/v2\/pages\/5431\/revisions"}],"predecessor-version":[{"id":108247,"href":"https:\/\/palazzoducale.genova.it\/en\/wp-json\/wp\/v2\/pages\/5431\/revisions\/108247"}],"wp:attachment":[{"href":"https:\/\/palazzoducale.genova.it\/en\/wp-json\/wp\/v2\/media?parent=5431"}],"curies":[{"name":"wp","href":"https:\/\/api.w.org\/{rel}","templated":true}]}}