{"id":5406,"date":"2019-12-05T13:02:31","date_gmt":"2019-12-05T12:02:31","guid":{"rendered":"https:\/\/palazzoducale.genova.it\/famiglie\/"},"modified":"2025-09-24T15:51:04","modified_gmt":"2025-09-24T13:51:04","slug":"famiglie","status":"publish","type":"page","link":"https:\/\/palazzoducale.genova.it\/en\/famiglie\/","title":{"rendered":"Bambini e famiglie"},"content":{"rendered":"\n<div class=\"wp-block-group alignwide\"><div class=\"wp-block-group__inner-container is-layout-flow wp-block-group-is-layout-flow\">\n<hr class=\"wp-block-separator\"\/>\n\n\n\n<h2 class=\"has-text-align-center has-luminous-vivid-orange-color has-text-color wp-block-heading\">Le attivit\u00e0 per i bambini e per le loro famiglie si sono trasferite online.<br>Per tutte le informazioni didattica@palazzoducale.genova.it<\/h2>\n\n\n\n<div style=\"height:100px\" aria-hidden=\"true\" class=\"wp-block-spacer\"><\/div>\n<\/div><\/div>\n\n\n\n<div class=\"wp-block-group\"><div class=\"wp-block-group__inner-container is-layout-flow wp-block-group-is-layout-flow\">\n<div class=\"wp-block-columns is-layout-flex wp-container-core-columns-is-layout-9d6595d7 wp-block-columns-is-layout-flex\">\n<div class=\"wp-block-column is-layout-flow wp-block-column-is-layout-flow\">\n<h3 class=\"wp-block-heading\">Nel week end<\/h3>\n\n\n\n<p><strong>Sabati per le famiglie<br><\/strong><em>ottobre 2020 \u2014 maggio 2021<br><\/em>Guidati da artisti e atelieristi i piccoli partecipanti apprendono tecniche e sperimentano nuovi linguaggi per dar vita ad originali creazioni artistiche ispirate alle mostre e ai grandi eventi in programma a Palazzo Ducale.<br><em>Bambini dai 5 agli 11 anni&nbsp;<\/em><\/p>\n\n\n\n<p><\/p>\n\n\n\n<p><strong>I sabati in mostra<br><\/strong><em>ottobre 2020 \u2013 maggio 2021<br><\/em>In occasione delle mostre in programma a Palazzo Ducale percorsi dedicati ai bambini e alle loro famiglie per conoscere, apprendere e stupirsi.<br><em>Bambini dai 6 anni e famiglie<\/em><br>&nbsp;<\/p>\n\n\n\n<p><\/p>\n\n\n\n<p><strong>PuPazzi per la plastilina<br><\/strong><em>7 novembre 2020 &#8211;<strong> annullato<\/strong><\/em><br><em>6 marzo 2021<br><\/em>Dedicati ai piccolissimi, due appuntamenti per stimolare creativit\u00e0 e fantasia inventando storie e personaggi attraverso l\u2019uso della plastilina e l\u2019aiuto dell\u2019illustratrice Antonietta Manca.<br><em>Bambini dai 2 ai 4 anni (con accompagnatore)<\/em><\/p>\n\n\n\n<p><\/p>\n\n\n\n<p><strong>Carta canta<br><\/strong><em>5 dicembre 2020 e 10 aprile 2021<br><\/em>Parole, racconti, musiche e canzoni si fondono in un coinvolgente intrattenimento per adulti e bambini a cura di Dario Apicella.<br><em>Bambini dai 3 ai 6 anni (con accompagnatore)<\/em><\/p>\n\n\n\n<div class=\"wp-block-image\"><figure class=\"aligncenter size-large\"><img loading=\"lazy\" decoding=\"async\" width=\"260\" height=\"393\" src=\"https:\/\/palazzoducale.genova.it\/wp-content\/uploads\/Famiglie_bambina1.jpg\" alt=\"Proposte per famiglie\" class=\"wp-image-1240\"\/><\/figure><\/div>\n\n\n\n<div class=\"wp-block-image\"><figure class=\"aligncenter size-large\"><img loading=\"lazy\" decoding=\"async\" width=\"260\" height=\"173\" src=\"https:\/\/palazzoducale.genova.it\/wp-content\/uploads\/Famiglie_bambina5.jpg\" alt=\"Proposte per famiglie\" class=\"wp-image-1242\"\/><\/figure><\/div>\n<\/div>\n\n\n\n<div class=\"wp-block-column is-layout-flow wp-block-column-is-layout-flow\">\n<h3 class=\"wp-block-heading\">In settimana<\/h3>\n\n\n\n<p><strong>Playing art in english<br><\/strong><em>gennaio &#8211; maggio 2021<br><\/em>Si rinnovano anche quest\u2019anno i laboratori creativi condotti in lingua inglese in compagnia di un simpatico madrelingua.<br><em>Bambini dai 6 agli 11 anni<\/em><br>&nbsp;<\/p>\n\n\n\n<p><strong>E questa la chiami arte?!<br><\/strong><em>gennaio \u2013 aprile 2021<br><\/em>Un appuntamento inedito per avvicinare i pi\u00f9 piccoli e i loro nonni all\u2019arte del Novecento e sperimentare in prima persona le diverse tecniche pi\u00f9 sorprendenti, dal dripping al collage, dal ready-made alla performance.<br><em>Bambini a partire dai 4 anni, nonni evergreen<\/em><\/p>\n\n\n\n<p><strong>Un palazzo poliglotta<br><\/strong><em>febbraio \u2013 maggio 2020<br><\/em>La visita a Palazzo \u00e8 condotta una volta al mese in una lingua straniera: quest\u2019anno cominciamo con inglese, francese, spagnolo, tedesco, russo e cinese! A seguire un breve laboratorio.<br><em>Bambini e famiglie<\/em><br>&nbsp;<\/p>\n\n\n\n<p><\/p>\n\n\n\n<div class=\"wp-block-image\"><figure class=\"aligncenter size-large\"><img loading=\"lazy\" decoding=\"async\" width=\"260\" height=\"267\" src=\"https:\/\/palazzoducale.genova.it\/wp-content\/uploads\/Famiglie_bambino2.jpg\" alt=\"Proposte per famiglie\" class=\"wp-image-1232\"\/><\/figure><\/div>\n\n\n\n<div class=\"wp-block-image\"><figure class=\"aligncenter size-large\"><img loading=\"lazy\" decoding=\"async\" width=\"260\" height=\"205\" src=\"https:\/\/palazzoducale.genova.it\/wp-content\/uploads\/Famiglie_famiglie3.jpg\" alt=\"Proposte per famiglie\" class=\"wp-image-1236\"\/><\/figure><\/div>\n\n\n\n<div class=\"wp-block-image\"><figure class=\"aligncenter size-large is-resized\"><img loading=\"lazy\" decoding=\"async\" src=\"https:\/\/palazzoducale.genova.it\/wp-content\/uploads\/Famiglie_eventi4.jpg\" alt=\"Proposte per famiglie\" class=\"wp-image-1234\" width=\"260\" height=\"347\"\/><\/figure><\/div>\n<\/div>\n\n\n\n<div class=\"wp-block-column is-layout-flow wp-block-column-is-layout-flow\">\n<h3 class=\"wp-block-heading\">Progetti speciali<\/h3>\n\n\n\n<p><strong><a rel=\"noreferrer noopener\" href=\"https:\/\/palazzoducale.genova.it\/evento\/buon-compleanno-gianni-rodari\/\" data-type=\"URL\" data-id=\"https:\/\/palazzoducale.genova.it\/evento\/buon-compleanno-gianni-rodari\/\" target=\"_blank\">Buon compleanno, Gianni Rodari!<\/a><\/strong><br>23 ottobre 2020, dalle ore 16<br>Per Gianni Rodari ogni parola \u201cgettata nella mente a caso, produce onde di superficie in profondit\u00e0, provoca una serie infinita di reazioni a catena, coinvolgendo nella sua caduta suoni e immagini, analogie e ricordi, significati e sogni in un movimento che interessa l\u2019esperienza e la memoria, la fantasia e l\u2019inconscio\u201d. In questo laboratorio di scrittura e immagini, che prende spunto dalla<em>&nbsp;Grammatica della Fantasia<\/em>, si potr\u00e0 giocare tra associazioni di idee ed effetti suscitati da ogni parola. Il risultato finale sar\u00e0 un\u2019installazione collettiva a forma di onda<br><em>Ingresso libero, su prenotazione. <a href=\"https:\/\/palazzoducale.genova.it\/evento\/buon-compleanno-gianni-rodari\/\" data-type=\"URL\" data-id=\"https:\/\/palazzoducale.genova.it\/evento\/buon-compleanno-gianni-rodari\/\" target=\"_blank\" rel=\"noreferrer noopener\">Clicca qui<\/a><\/em><\/p>\n\n\n\n<p><strong>ImPowerment: l\u2019importanza di imparare!<\/strong><br>Il progetto, realizzato con il contributo della Presidenza del Consiglio dei Ministri &#8211; Dipartimento per le politiche della famiglia nell\u2019ambito del bando EduCare, prevede  laboratori dedicati alle tecnologie di forte impronta ludica: attivit\u00e0 legate alla stampa 3d, al Coding e alla Robotica Educativa. <br>La rete: Il Laboratorio Societ\u00e0 Cooperativa Sociale, Palazzo Ducale Fondazione per la Cultura, Associazione Scuola di Robotica, Solidariet\u00e0 &amp;Lavoro Societ\u00e0 Cooperativa Sociale.<br><br><strong>Per informazioni<\/strong><br>Il Laboratorio Cooperativa Sociale<br>telefono 010 9917857<br>comunicazione@coopillaboratorio.it<\/p>\n\n\n\n<h3 class=\"wp-block-heading\">Eventi speciali<\/h3>\n\n\n\n<p><strong>Rock and Rolli<br><\/strong><em>10 ottobre 2020<br><\/em>In occasione dei Rolli Days, racconti a tempo di musica dedicati ai magnifici palazzi di Genova e alle storie nate tra saloni e giardini.<br><em>Bambini dai 3 anni e famiglie, a cura di Dario Apicella<\/em><br><\/p>\n\n\n\n<p><\/p>\n\n\n\n<p><strong>Onda su onda<br><\/strong><em>24 e 31 ottobre 2020<br><\/em>In quanti modi si pu\u00f2 raffigurare un\u2019onda? Ci sono onde oceaniche, alte e vistose, Ci sono onde gonfie e pesanti, torbide e cupe, schiumose e rabbiose: innumerevoli gli aggettivi per descriverle. A partire da inizio Ottocento con l\u2019epoca del Romanticismo, l\u2019onda ha acquistato un ruolo fondamentale nei dipinti di numerosi pittori, assumendo spesso il ruolo di protagonista della scena: da Corbet a Hokusai, da Van Gogh e Nolde, fino ai suggestivi scatti fotografici di David Orias. Prendendo spunto da un\u2019antica guida giapponese dei primi del \u2018900, nel laboratorio impareremo a disegnare onde utilizzando matite colorate, penne e pennelli, cercando di indagarne la potenza, la geometria, il ritmo e la dimensione.<br><em>Bambini dai 5 agli 11 anni<br>Nell\u2019ambito del Festival della Scienza<\/em><\/p>\n\n\n\n<p><br>&nbsp;<\/p>\n\n\n\n<p><strong>Settimana Nazionale Nati per Leggere<br><\/strong><em>21 novembre 2020<br><\/em>Letture e incontri per sensibilizzare e diffondere la lettura precoce in famiglia.<br><em>Bambini (dai 6 mesi ai 2 anni e dai 2 ai 5 anni) e famiglie.<\/em><br><em>A cura dei volontari e del coordinamento NpL Liguria (Nati per Leggere Liguria)<\/em><br><strong>Le letture di svolgeranno online, alle ore 11 e alle ore 16, informazioni e prenotazioni a didattica@palazzoducale.genova.it<\/strong><br>&nbsp;<\/p>\n\n\n\n<p><strong>ReMida Day<br><\/strong><em>15 maggio 2021<br><\/em>Un\u2019intera giornata dedicata alla creativit\u00e0 e al riuso. Laboratori e installazioni a tema per una riflessione sulle potenzialit\u00e0 dei materiali di riciclo e sull\u2019importanza del rispetto dell\u2019ambiente.<br><em>Bambini e famiglie<br>In collaborazione con ReMida Genova<\/em><br>&nbsp;<\/p>\n\n\n\n<div class=\"wp-block-image\"><figure class=\"aligncenter size-large\"><img loading=\"lazy\" decoding=\"async\" width=\"260\" height=\"348\" src=\"https:\/\/palazzoducale.genova.it\/wp-content\/uploads\/Famiglie_remida.jpg\" alt=\"Proposte per famiglie\" class=\"wp-image-1238\"\/><\/figure><\/div>\n\n\n\n<p><strong>40\u00b0 edizione del Premio Andersen<br>i migliori libri dell&#8217;anno per bambini e ragazzi<br><\/strong><em>maggio 2021<br><\/em>Quarantesima edizione per il Premio Andersen, il maggior riconoscimento italiano dedicato ai libri per bambini e ragazzi, ai loro scrittori, illustratori e editori. Una grande festa nazionale della lettura e della cultura per l\u2019infanzia che sul territorio genovese si declina in un programma di iniziative in biblioteche, scuole, librerie, musei, teatri e diversi spazi urbani nei giorni precedenti e successivi la cerimonia di premiazione a Palazzo Ducale (sabato 29 maggio).<br>A cura della rivista Andersen, con la collaborazione di Palazzo Ducale Fondazione per la Cultura e i suoi Servizi Educativi e Culturali.<br>Programma completo, in costruzione: www.andersen.it<br>www.localhost\/palazzo-ducale<\/p>\n\n\n\n<p><\/p>\n<\/div>\n<\/div>\n\n\n\n<div class=\"wp-block-columns is-layout-flex wp-container-core-columns-is-layout-9d6595d7 wp-block-columns-is-layout-flex\">\n<div class=\"wp-block-column col-md-5 col-lg-4 is-layout-flow wp-block-column-is-layout-flow\">\n<div class=\"wp-block-image is-style-default\"><figure class=\"alignright size-large\"><img loading=\"lazy\" decoding=\"async\" width=\"35\" height=\"35\" src=\"https:\/\/palazzoducale.genova.it\/wp-content\/uploads\/ico_info.png\" alt=\"info\" class=\"wp-image-609\"\/><\/figure><\/div>\n<\/div>\n\n\n\n<div class=\"wp-block-column col-md-9 col-lg-10 is-layout-flow wp-block-column-is-layout-flow\">\n<h3 class=\"wp-block-heading\"><strong>Info e Prenotazioni<\/strong><\/h3>\n\n\n\n<p><br>Tel: 0108171644<br>prenotazioni: prenotazioni@palazzoducale.genova.it<br>info:&nbsp;<a rel=\"noreferrer noopener\" href=\"mailto:didattica@palazzoducale.genova.it\" target=\"_blank\">didattica@palazzoducale.genova.it<\/a><br>Pagina Facebook <a rel=\"noreferrer noopener\" href=\"https:\/\/www.facebook.com\/didattica.genovapalazzoducale\/\" target=\"_blank\">Didattica Genova Palazzo <\/a><a href=\"https:\/\/www.facebook.com\/didattica.genovapalazzoducale\/\">Ducale<\/a><\/p>\n<\/div>\n<\/div>\n<\/div><\/div>\n\n\n\n<div style=\"height:100px\" aria-hidden=\"true\" class=\"wp-block-spacer\"><\/div>\n","protected":false},"excerpt":{"rendered":"<p>Le attivit\u00e0 per i bambini e per le loro famiglie si sono trasferite online.Per tutte le informazioni didattica@palazzoducale.genova.it Nel week end Sabati per le famiglieottobre 2020 \u2014 maggio 2021Guidati da artisti e atelieristi i piccoli partecipanti apprendono tecniche e sperimentano nuovi linguaggi per dar vita ad originali creazioni artistiche ispirate alle mostre e ai grandi &hellip; <a href=\"https:\/\/palazzoducale.genova.it\/en\/famiglie\/\">Continue<\/a><\/p>\n","protected":false},"author":7,"featured_media":0,"parent":0,"menu_order":0,"comment_status":"closed","ping_status":"closed","template":"","meta":{"_acf_changed":false,"inline_featured_image":false,"footnotes":""},"class_list":["post-5406","page","type-page","status-publish","hentry"],"acf":[],"yoast_head":"<!-- This site is optimized with the Yoast SEO plugin v26.0 - https:\/\/yoast.com\/wordpress\/plugins\/seo\/ -->\n<title>Bambini e famiglie -<\/title>\n<meta name=\"robots\" content=\"index, follow, max-snippet:-1, max-image-preview:large, max-video-preview:-1\" \/>\n<link rel=\"canonical\" href=\"https:\/\/palazzoducale.genova.it\/en\/famiglie\/\" \/>\n<meta property=\"og:locale\" content=\"en_US\" \/>\n<meta property=\"og:type\" content=\"article\" \/>\n<meta property=\"og:title\" content=\"Bambini e famiglie -\" \/>\n<meta property=\"og:description\" content=\"Le attivit\u00e0 per i bambini e per le loro famiglie si sono trasferite online.Per tutte le informazioni didattica@palazzoducale.genova.it Nel week end Sabati per le famiglieottobre 2020 \u2014 maggio 2021Guidati da artisti e atelieristi i piccoli partecipanti apprendono tecniche e sperimentano nuovi linguaggi per dar vita ad originali creazioni artistiche ispirate alle mostre e ai grandi &hellip; Continue\" \/>\n<meta property=\"og:url\" content=\"https:\/\/palazzoducale.genova.it\/en\/famiglie\/\" \/>\n<meta property=\"article:modified_time\" content=\"2025-09-24T13:51:04+00:00\" \/>\n<meta property=\"og:image\" content=\"https:\/\/palazzoducale.genova.it\/wp-content\/uploads\/Famiglie_bambina1.jpg\" \/>\n<meta name=\"twitter:card\" content=\"summary_large_image\" \/>\n<meta name=\"twitter:label1\" content=\"Est. reading time\" \/>\n\t<meta name=\"twitter:data1\" content=\"4 minutes\" \/>\n<script type=\"application\/ld+json\" class=\"yoast-schema-graph\">{\"@context\":\"https:\/\/schema.org\",\"@graph\":[{\"@type\":\"WebPage\",\"@id\":\"https:\/\/palazzoducale.genova.it\/en\/famiglie\/\",\"url\":\"https:\/\/palazzoducale.genova.it\/en\/famiglie\/\",\"name\":\"Bambini e famiglie -\",\"isPartOf\":{\"@id\":\"https:\/\/palazzoducale.genova.it\/#website\"},\"primaryImageOfPage\":{\"@id\":\"https:\/\/palazzoducale.genova.it\/en\/famiglie\/#primaryimage\"},\"image\":{\"@id\":\"https:\/\/palazzoducale.genova.it\/en\/famiglie\/#primaryimage\"},\"thumbnailUrl\":\"https:\/\/palazzoducale.genova.it\/wp-content\/uploads\/Famiglie_bambina1.jpg\",\"datePublished\":\"2019-12-05T12:02:31+00:00\",\"dateModified\":\"2025-09-24T13:51:04+00:00\",\"breadcrumb\":{\"@id\":\"https:\/\/palazzoducale.genova.it\/en\/famiglie\/#breadcrumb\"},\"inLanguage\":\"en-US\",\"potentialAction\":[{\"@type\":\"ReadAction\",\"target\":[\"https:\/\/palazzoducale.genova.it\/en\/famiglie\/\"]}]},{\"@type\":\"ImageObject\",\"inLanguage\":\"en-US\",\"@id\":\"https:\/\/palazzoducale.genova.it\/en\/famiglie\/#primaryimage\",\"url\":\"https:\/\/palazzoducale.genova.it\/wp-content\/uploads\/Famiglie_bambina1.jpg\",\"contentUrl\":\"https:\/\/palazzoducale.genova.it\/wp-content\/uploads\/Famiglie_bambina1.jpg\"},{\"@type\":\"BreadcrumbList\",\"@id\":\"https:\/\/palazzoducale.genova.it\/en\/famiglie\/#breadcrumb\",\"itemListElement\":[{\"@type\":\"ListItem\",\"position\":1,\"name\":\"Home\",\"item\":\"https:\/\/palazzoducale.genova.it\/en\/\"},{\"@type\":\"ListItem\",\"position\":2,\"name\":\"Bambini e famiglie\"}]},{\"@type\":\"WebSite\",\"@id\":\"https:\/\/palazzoducale.genova.it\/#website\",\"url\":\"https:\/\/palazzoducale.genova.it\/\",\"name\":\"Fondazione Palazzo Ducale\",\"description\":\"\",\"potentialAction\":[{\"@type\":\"SearchAction\",\"target\":{\"@type\":\"EntryPoint\",\"urlTemplate\":\"https:\/\/palazzoducale.genova.it\/?s={search_term_string}\"},\"query-input\":{\"@type\":\"PropertyValueSpecification\",\"valueRequired\":true,\"valueName\":\"search_term_string\"}}],\"inLanguage\":\"en-US\"}]}<\/script>\n<!-- \/ Yoast SEO plugin. -->","yoast_head_json":{"title":"Bambini e famiglie -","robots":{"index":"index","follow":"follow","max-snippet":"max-snippet:-1","max-image-preview":"max-image-preview:large","max-video-preview":"max-video-preview:-1"},"canonical":"https:\/\/palazzoducale.genova.it\/en\/famiglie\/","og_locale":"en_US","og_type":"article","og_title":"Bambini e famiglie -","og_description":"Le attivit\u00e0 per i bambini e per le loro famiglie si sono trasferite online.Per tutte le informazioni didattica@palazzoducale.genova.it Nel week end Sabati per le famiglieottobre 2020 \u2014 maggio 2021Guidati da artisti e atelieristi i piccoli partecipanti apprendono tecniche e sperimentano nuovi linguaggi per dar vita ad originali creazioni artistiche ispirate alle mostre e ai grandi &hellip; Continue","og_url":"https:\/\/palazzoducale.genova.it\/en\/famiglie\/","article_modified_time":"2025-09-24T13:51:04+00:00","og_image":[{"url":"https:\/\/palazzoducale.genova.it\/wp-content\/uploads\/Famiglie_bambina1.jpg","type":"","width":"","height":""}],"twitter_card":"summary_large_image","twitter_misc":{"Est. reading time":"4 minutes"},"schema":{"@context":"https:\/\/schema.org","@graph":[{"@type":"WebPage","@id":"https:\/\/palazzoducale.genova.it\/en\/famiglie\/","url":"https:\/\/palazzoducale.genova.it\/en\/famiglie\/","name":"Bambini e famiglie -","isPartOf":{"@id":"https:\/\/palazzoducale.genova.it\/#website"},"primaryImageOfPage":{"@id":"https:\/\/palazzoducale.genova.it\/en\/famiglie\/#primaryimage"},"image":{"@id":"https:\/\/palazzoducale.genova.it\/en\/famiglie\/#primaryimage"},"thumbnailUrl":"https:\/\/palazzoducale.genova.it\/wp-content\/uploads\/Famiglie_bambina1.jpg","datePublished":"2019-12-05T12:02:31+00:00","dateModified":"2025-09-24T13:51:04+00:00","breadcrumb":{"@id":"https:\/\/palazzoducale.genova.it\/en\/famiglie\/#breadcrumb"},"inLanguage":"en-US","potentialAction":[{"@type":"ReadAction","target":["https:\/\/palazzoducale.genova.it\/en\/famiglie\/"]}]},{"@type":"ImageObject","inLanguage":"en-US","@id":"https:\/\/palazzoducale.genova.it\/en\/famiglie\/#primaryimage","url":"https:\/\/palazzoducale.genova.it\/wp-content\/uploads\/Famiglie_bambina1.jpg","contentUrl":"https:\/\/palazzoducale.genova.it\/wp-content\/uploads\/Famiglie_bambina1.jpg"},{"@type":"BreadcrumbList","@id":"https:\/\/palazzoducale.genova.it\/en\/famiglie\/#breadcrumb","itemListElement":[{"@type":"ListItem","position":1,"name":"Home","item":"https:\/\/palazzoducale.genova.it\/en\/"},{"@type":"ListItem","position":2,"name":"Bambini e famiglie"}]},{"@type":"WebSite","@id":"https:\/\/palazzoducale.genova.it\/#website","url":"https:\/\/palazzoducale.genova.it\/","name":"Fondazione Palazzo Ducale","description":"","potentialAction":[{"@type":"SearchAction","target":{"@type":"EntryPoint","urlTemplate":"https:\/\/palazzoducale.genova.it\/?s={search_term_string}"},"query-input":{"@type":"PropertyValueSpecification","valueRequired":true,"valueName":"search_term_string"}}],"inLanguage":"en-US"}]}},"_links":{"self":[{"href":"https:\/\/palazzoducale.genova.it\/en\/wp-json\/wp\/v2\/pages\/5406","targetHints":{"allow":["GET"]}}],"collection":[{"href":"https:\/\/palazzoducale.genova.it\/en\/wp-json\/wp\/v2\/pages"}],"about":[{"href":"https:\/\/palazzoducale.genova.it\/en\/wp-json\/wp\/v2\/types\/page"}],"author":[{"embeddable":true,"href":"https:\/\/palazzoducale.genova.it\/en\/wp-json\/wp\/v2\/users\/7"}],"replies":[{"embeddable":true,"href":"https:\/\/palazzoducale.genova.it\/en\/wp-json\/wp\/v2\/comments?post=5406"}],"version-history":[{"count":1,"href":"https:\/\/palazzoducale.genova.it\/en\/wp-json\/wp\/v2\/pages\/5406\/revisions"}],"predecessor-version":[{"id":102599,"href":"https:\/\/palazzoducale.genova.it\/en\/wp-json\/wp\/v2\/pages\/5406\/revisions\/102599"}],"wp:attachment":[{"href":"https:\/\/palazzoducale.genova.it\/en\/wp-json\/wp\/v2\/media?parent=5406"}],"curies":[{"name":"wp","href":"https:\/\/api.w.org\/{rel}","templated":true}]}}