{"id":5405,"date":"2019-12-05T13:03:00","date_gmt":"2019-12-05T12:03:00","guid":{"rendered":"https:\/\/palazzoducale.genova.it\/kids-in-the-city\/"},"modified":"2026-01-15T15:52:57","modified_gmt":"2026-01-15T14:52:57","slug":"kids-in-the-city","status":"publish","type":"page","link":"https:\/\/palazzoducale.genova.it\/en\/kids-in-the-city\/","title":{"rendered":"Kids In The City"},"content":{"rendered":"\n<div class=\"wp-block-group\"><div class=\"wp-block-group__inner-container is-layout-flow wp-block-group-is-layout-flow\">\n<h3 class=\"wp-block-heading\">Cantastorie genovesi<\/h3>\n\n\n\n<p>Tradizioni, leggende, luoghi e personaggi prendono vita attraverso le storie raccontate in genovese da nonno Gianni.<\/p>\n\n\n\n<p><strong>novembre 2025 \u2013 aprile 2026<\/strong><br>Ultimo venerd\u00ec del mese, ore 17<\/p>\n\n\n\n<p><em>In collaborazione con A Compagna<br>dai 4 anni in su e famiglie<\/em><\/p>\n<\/div><\/div>\n\n\n\n<div class=\"wp-block-group\"><div class=\"wp-block-group__inner-container is-layout-flow wp-block-group-is-layout-flow\">\n<h3 class=\"wp-block-heading\">Nati per Leggere<\/h3>\n\n\n\n<p>Incontri di lettura e informazioni sul programma nazionale Nati per Leggere per sensibilizzare e diffondere la lettura in famiglia a partire dai primi mesi di vita.<\/p>\n\n\n\n<p><strong>novembre 2025 &#8211; aprile 2026<\/strong><br>Ultimo mercoled\u00ec del mese, ore 17<\/p>\n\n\n\n<p><em>In collaborazione con i Volontari NpL Liguria e il Sistema Bibliotecario di Citta Metropolitana di Genova<br>dai 2 ai 6 anni<\/em><\/p>\n<\/div><\/div>\n\n\n\n<div class=\"wp-block-group\"><div class=\"wp-block-group__inner-container is-layout-flow wp-block-group-is-layout-flow\">\n<h3 class=\"wp-block-heading\">Ri-creazione<\/h3>\n\n\n\n<p>Incontri creativi con i materiali di scarto.<\/p>\n\n\n\n<p><strong>gennaio \u2013 aprile 2026<\/strong><br>Secondo mercoled\u00ec del mese dalle ore 17<\/p>\n\n\n\n<p><em>In collaborazione con il Centro ReMida Genova<br>dai 5 anni<\/em><\/p>\n<\/div><\/div>\n\n\n\n<div class=\"wp-block-group\"><div class=\"wp-block-group__inner-container is-layout-flow wp-block-group-is-layout-flow\">\n<h3 class=\"wp-block-heading\">La voce delle storie: letture e attivit\u00e0 creative<\/h3>\n\n\n\n<p>Letture animate, coinvolgenti narrazioni con il Kamishibai (il teatro di carta giapponese)<br>e attivit\u00e0 creative legate alle pi\u00f9 belle storie per l\u2019infanzia.<\/p>\n\n\n\n<p><strong>20 gennaio e 10 marzo, ore 17<\/strong><\/p>\n\n\n\n<p><em>A cura della Biblioteca De Amicis<br>dai 4 ai 10 anni<\/em><\/p>\n<\/div><\/div>\n\n\n\n<div class=\"wp-block-group\"><div class=\"wp-block-group__inner-container is-layout-flow wp-block-group-is-layout-flow\">\n<h3 class=\"wp-block-heading\">Mettiamo su casa!<\/h3>\n\n\n\n<p>Quante stanze ha casa tua? Quante persone siete in casa? Quale la stanza che utilizzate di pi\u00f9? I partecipanti, divisi in piccoli gruppi, disegnano a memoria la planimetria della propria casa, poi elaborano una proposta di ristrutturazione. Successivamente si discutono in gruppo i vantaggi e gli svantaggi delle diverse soluzioni. Lo scopo dell\u2019attivit\u00e0 e comprendere i concetti di spazio abitativo, planimetria e funzionalit\u00e0 degli ambienti, sviluppare la capacit\u00e0 di analisi e progettazione e stimolare la creativit\u00e0 e la collaborazione.<\/p>\n\n\n\n<p><strong>novembre 2025 \u2013 aprile 2026<\/strong><\/p>\n\n\n\n<p><em>In collaborazione con FOA.GE &#8211; Fondazione Ordine degli architetti, pianificatori, paesaggisti e conservatori di Genova<br>dai 6 ai 12 anni<\/em><\/p>\n<\/div><\/div>\n\n\n\n<div class=\"wp-block-group\"><div class=\"wp-block-group__inner-container is-layout-flow wp-block-group-is-layout-flow\">\n<h3 class=\"wp-block-heading\">Giochi e matematica<\/h3>\n\n\n\n<p>Appuntamento con giovani ricercatori del Dipartimento di Matematica dell\u2019Universit\u00e0 di Genova per divertirsi con i numeri.<\/p>\n\n\n\n<p><strong>gennaio \u2013 aprile 2026<\/strong><br>Primo gioved\u00ec del mese dalle ore 17<\/p>\n\n\n\n<p><em>In collaborazione con DIMA, Dipartimento di Matematica dell\u2019Universit\u00e0 di Genova<br>dai 6 agli 11 anni<\/em><\/p>\n<\/div><\/div>\n","protected":false},"excerpt":{"rendered":"<p>Cantastorie genovesi Tradizioni, leggende, luoghi e personaggi prendono vita attraverso le storie raccontate in genovese da nonno Gianni. novembre 2025 \u2013 aprile 2026Ultimo venerd\u00ec del mese, ore 17 In collaborazione con A Compagnadai 4 anni in su e famiglie Nati per Leggere Incontri di lettura e informazioni sul programma nazionale Nati per Leggere per sensibilizzare &hellip; <a href=\"https:\/\/palazzoducale.genova.it\/en\/kids-in-the-city\/\">Continue<\/a><\/p>\n","protected":false},"author":7,"featured_media":0,"parent":0,"menu_order":0,"comment_status":"closed","ping_status":"closed","template":"","meta":{"_acf_changed":false,"inline_featured_image":false,"footnotes":""},"class_list":["post-5405","page","type-page","status-publish","hentry"],"acf":[],"yoast_head":"<!-- This site is optimized with the Yoast SEO plugin v26.0 - https:\/\/yoast.com\/wordpress\/plugins\/seo\/ -->\n<title>Kids In The City -<\/title>\n<meta name=\"robots\" content=\"index, follow, max-snippet:-1, max-image-preview:large, max-video-preview:-1\" \/>\n<link rel=\"canonical\" href=\"https:\/\/palazzoducale.genova.it\/en\/kids-in-the-city\/\" \/>\n<meta property=\"og:locale\" content=\"en_US\" \/>\n<meta property=\"og:type\" content=\"article\" \/>\n<meta property=\"og:title\" content=\"Kids In The City -\" \/>\n<meta property=\"og:description\" content=\"Cantastorie genovesi Tradizioni, leggende, luoghi e personaggi prendono vita attraverso le storie raccontate in genovese da nonno Gianni. novembre 2025 \u2013 aprile 2026Ultimo venerd\u00ec del mese, ore 17 In collaborazione con A Compagnadai 4 anni in su e famiglie Nati per Leggere Incontri di lettura e informazioni sul programma nazionale Nati per Leggere per sensibilizzare &hellip; Continue\" \/>\n<meta property=\"og:url\" content=\"https:\/\/palazzoducale.genova.it\/en\/kids-in-the-city\/\" \/>\n<meta property=\"article:modified_time\" content=\"2026-01-15T14:52:57+00:00\" \/>\n<meta name=\"twitter:card\" content=\"summary_large_image\" \/>\n<meta name=\"twitter:label1\" content=\"Est. reading time\" \/>\n\t<meta name=\"twitter:data1\" content=\"2 minutes\" \/>\n<script type=\"application\/ld+json\" class=\"yoast-schema-graph\">{\"@context\":\"https:\/\/schema.org\",\"@graph\":[{\"@type\":\"WebPage\",\"@id\":\"https:\/\/palazzoducale.genova.it\/en\/kids-in-the-city\/\",\"url\":\"https:\/\/palazzoducale.genova.it\/en\/kids-in-the-city\/\",\"name\":\"Kids In The City -\",\"isPartOf\":{\"@id\":\"https:\/\/palazzoducale.genova.it\/#website\"},\"datePublished\":\"2019-12-05T12:03:00+00:00\",\"dateModified\":\"2026-01-15T14:52:57+00:00\",\"breadcrumb\":{\"@id\":\"https:\/\/palazzoducale.genova.it\/en\/kids-in-the-city\/#breadcrumb\"},\"inLanguage\":\"en-US\",\"potentialAction\":[{\"@type\":\"ReadAction\",\"target\":[\"https:\/\/palazzoducale.genova.it\/en\/kids-in-the-city\/\"]}]},{\"@type\":\"BreadcrumbList\",\"@id\":\"https:\/\/palazzoducale.genova.it\/en\/kids-in-the-city\/#breadcrumb\",\"itemListElement\":[{\"@type\":\"ListItem\",\"position\":1,\"name\":\"Home\",\"item\":\"https:\/\/palazzoducale.genova.it\/en\/\"},{\"@type\":\"ListItem\",\"position\":2,\"name\":\"Kids In The City\"}]},{\"@type\":\"WebSite\",\"@id\":\"https:\/\/palazzoducale.genova.it\/#website\",\"url\":\"https:\/\/palazzoducale.genova.it\/\",\"name\":\"Fondazione Palazzo Ducale\",\"description\":\"\",\"potentialAction\":[{\"@type\":\"SearchAction\",\"target\":{\"@type\":\"EntryPoint\",\"urlTemplate\":\"https:\/\/palazzoducale.genova.it\/?s={search_term_string}\"},\"query-input\":{\"@type\":\"PropertyValueSpecification\",\"valueRequired\":true,\"valueName\":\"search_term_string\"}}],\"inLanguage\":\"en-US\"}]}<\/script>\n<!-- \/ Yoast SEO plugin. -->","yoast_head_json":{"title":"Kids In The City -","robots":{"index":"index","follow":"follow","max-snippet":"max-snippet:-1","max-image-preview":"max-image-preview:large","max-video-preview":"max-video-preview:-1"},"canonical":"https:\/\/palazzoducale.genova.it\/en\/kids-in-the-city\/","og_locale":"en_US","og_type":"article","og_title":"Kids In The City -","og_description":"Cantastorie genovesi Tradizioni, leggende, luoghi e personaggi prendono vita attraverso le storie raccontate in genovese da nonno Gianni. novembre 2025 \u2013 aprile 2026Ultimo venerd\u00ec del mese, ore 17 In collaborazione con A Compagnadai 4 anni in su e famiglie Nati per Leggere Incontri di lettura e informazioni sul programma nazionale Nati per Leggere per sensibilizzare &hellip; Continue","og_url":"https:\/\/palazzoducale.genova.it\/en\/kids-in-the-city\/","article_modified_time":"2026-01-15T14:52:57+00:00","twitter_card":"summary_large_image","twitter_misc":{"Est. reading time":"2 minutes"},"schema":{"@context":"https:\/\/schema.org","@graph":[{"@type":"WebPage","@id":"https:\/\/palazzoducale.genova.it\/en\/kids-in-the-city\/","url":"https:\/\/palazzoducale.genova.it\/en\/kids-in-the-city\/","name":"Kids In The City -","isPartOf":{"@id":"https:\/\/palazzoducale.genova.it\/#website"},"datePublished":"2019-12-05T12:03:00+00:00","dateModified":"2026-01-15T14:52:57+00:00","breadcrumb":{"@id":"https:\/\/palazzoducale.genova.it\/en\/kids-in-the-city\/#breadcrumb"},"inLanguage":"en-US","potentialAction":[{"@type":"ReadAction","target":["https:\/\/palazzoducale.genova.it\/en\/kids-in-the-city\/"]}]},{"@type":"BreadcrumbList","@id":"https:\/\/palazzoducale.genova.it\/en\/kids-in-the-city\/#breadcrumb","itemListElement":[{"@type":"ListItem","position":1,"name":"Home","item":"https:\/\/palazzoducale.genova.it\/en\/"},{"@type":"ListItem","position":2,"name":"Kids In The City"}]},{"@type":"WebSite","@id":"https:\/\/palazzoducale.genova.it\/#website","url":"https:\/\/palazzoducale.genova.it\/","name":"Fondazione Palazzo Ducale","description":"","potentialAction":[{"@type":"SearchAction","target":{"@type":"EntryPoint","urlTemplate":"https:\/\/palazzoducale.genova.it\/?s={search_term_string}"},"query-input":{"@type":"PropertyValueSpecification","valueRequired":true,"valueName":"search_term_string"}}],"inLanguage":"en-US"}]}},"_links":{"self":[{"href":"https:\/\/palazzoducale.genova.it\/en\/wp-json\/wp\/v2\/pages\/5405","targetHints":{"allow":["GET"]}}],"collection":[{"href":"https:\/\/palazzoducale.genova.it\/en\/wp-json\/wp\/v2\/pages"}],"about":[{"href":"https:\/\/palazzoducale.genova.it\/en\/wp-json\/wp\/v2\/types\/page"}],"author":[{"embeddable":true,"href":"https:\/\/palazzoducale.genova.it\/en\/wp-json\/wp\/v2\/users\/7"}],"replies":[{"embeddable":true,"href":"https:\/\/palazzoducale.genova.it\/en\/wp-json\/wp\/v2\/comments?post=5405"}],"version-history":[{"count":4,"href":"https:\/\/palazzoducale.genova.it\/en\/wp-json\/wp\/v2\/pages\/5405\/revisions"}],"predecessor-version":[{"id":107870,"href":"https:\/\/palazzoducale.genova.it\/en\/wp-json\/wp\/v2\/pages\/5405\/revisions\/107870"}],"wp:attachment":[{"href":"https:\/\/palazzoducale.genova.it\/en\/wp-json\/wp\/v2\/media?parent=5405"}],"curies":[{"name":"wp","href":"https:\/\/api.w.org\/{rel}","templated":true}]}}