{"id":5381,"date":"2020-01-22T10:13:23","date_gmt":"2020-01-22T09:13:23","guid":{"rendered":"https:\/\/palazzoducale.genova.it\/progetti-speciali-e-alternanza-scuola-lavoro\/"},"modified":"2020-08-12T15:36:54","modified_gmt":"2020-08-12T13:36:54","slug":"progetti-speciali-e-alternanza-scuola-lavoro","status":"publish","type":"page","link":"https:\/\/palazzoducale.genova.it\/en\/scuole\/progetti-speciali-e-alternanza-scuola-lavoro\/","title":{"rendered":"Progetti speciali"},"content":{"rendered":"\n<div class=\"wp-block-group alignwide py-3\"><div class=\"wp-block-group__inner-container is-layout-flow wp-block-group-is-layout-flow\">\n<div class=\"wp-block-group\"><div class=\"wp-block-group__inner-container is-layout-flow wp-block-group-is-layout-flow\">\n<h3 class=\"wp-block-heading\">Progetti speciali<\/h3>\n<\/div><\/div>\n<\/div><\/div>\n\n\n\n<div class=\"wp-block-group\"><div class=\"wp-block-group__inner-container is-layout-flow wp-block-group-is-layout-flow\">\n<h4 class=\"wp-block-heading\">#Nonsoloascuola<\/h4>\n\n\n\n<p>Il progetto, elaborato dai Servizi Educativi di Palazzo Ducale in stretta collaborazione con l\u2019USR Liguria e sostenuto da Regione Liguria,  costituisce una proposta di didattica integrativa per lo sviluppo di competenze chiave di cittadinanza.<br>Articolato in moduli di forte carattere laboratoriale, in cui \u00e8 incoraggiata e stimolata la partecipazione attiva dei ragazzi, il progetto si  incentra su tre temi in particolare: la cultura della legalit\u00e0, il patrimonio culturale e i beni pubblici comuni, l\u2019educazione ambientale.<br><em>2 moduli di 3 h ciascuno, Scuola secondaria di II grado<br>In collaborazione con USR Liguria e con il sostegno di Regione Liguria<\/em><\/p>\n\n\n\n<h4 class=\"wp-block-heading\">Messaggi in bottiglia<\/h4>\n\n\n\n<p>Cosa pensano i bambini e i ragazzi? Quali sono gli interrogativi pi\u00f9 profondi che si pongono? Come cambiano le loro emozioni, i desideri, i punti di riferimento della loro sfera affettiva? Come possono essere sollecitati a scoprire e a far emergere i loro diversi, personali talenti? Spunti di lavoro da sviluppare in classe e da condividere su Padlet.<br><em>Scuola infanzia, primaria e secondaria<\/em><\/p>\n\n\n\n<h4 class=\"wp-block-heading\">Ti racconto una favola al telefono<\/h4>\n\n\n\n<p>Nel 2020 ricorre il centenario della nascita di Gianni Rodari. La sua attivit\u00e0 di pedagogista e scrittore \u00e8 nota a livello internazionale e gli  valse nel 1970 il prestigioso Premio Hans Christian Andersen, mai pi\u00f9 conseguito da altri scrittori italiani dopo di lui. Per l\u2019occasione Palazzo Ducale ha promosso un progetto sulle celebri e amatissime \u201cFavole al telefono\u201d. I bambini delle scuole infanzia e primarie l\u2019hanno lette, illustrate, hanno giocato con i testi, le hanno riscritte, hanno coinvolto le loro famiglie lavorando da casa anche quando le scuole erano chiuse.<br>Il risultato \u00e8 un grande puzzle di voci e immagini che \u00e8 stato caricato su<a rel=\"noreferrer noopener\" href=\"https:\/\/www.youtube.com\/channel\/UC7eX5vV9zZgHjmmICI_rc9Q\/\" target=\"_blank\"> Youtube<\/a>. \u00c8 possibile ascoltare le storie, quelle originali e quelle reinventate, direttamente dalla voce dei bambini e anche dei loro genitori, in italiano e nelle diverse lingue \u2013 11 in totale \u2013, che ben rappresentano la pluralit\u00e0 culturale delle famiglie d\u2019origine. Totem disseminati sul territorio rendono il progetto fruibile da tutti. <br><em>Il progetto \u00e8 realizzato in collaborazione con Ufficio Scolastico Regionale per la Liguria, rivista Andersen, Parco della Fantasia Gianni Rodari di Omegna e con il sostegno di Coop Liguria<\/em><\/p>\n<\/div><\/div>\n\n\n\n<hr class=\"wp-block-separator\"\/>\n\n\n\n<div class=\"wp-block-group\"><div class=\"wp-block-group__inner-container is-layout-flow wp-block-group-is-layout-flow\">\n<p><\/p>\n\n\n\n<p>Pagina Facebook <a rel=\"noreferrer noopener\" href=\"https:\/\/www.facebook.com\/didattica.genovapalazzoducale\/\" target=\"_blank\">Didattica Genova Palazzo Ducale<\/a><\/p>\n<\/div><\/div>\n","protected":false},"excerpt":{"rendered":"<p>Progetti speciali #Nonsoloascuola Il progetto, elaborato dai Servizi Educativi di Palazzo Ducale in stretta collaborazione con l\u2019USR Liguria e sostenuto da Regione Liguria, costituisce una proposta di didattica integrativa per lo sviluppo di competenze chiave di cittadinanza.Articolato in moduli di forte carattere laboratoriale, in cui \u00e8 incoraggiata e stimolata la partecipazione attiva dei ragazzi, il &hellip; <a href=\"https:\/\/palazzoducale.genova.it\/en\/scuole\/progetti-speciali-e-alternanza-scuola-lavoro\/\">Continue<\/a><\/p>\n","protected":false},"author":7,"featured_media":0,"parent":5408,"menu_order":0,"comment_status":"closed","ping_status":"closed","template":"","meta":{"_acf_changed":false,"inline_featured_image":false,"footnotes":""},"class_list":["post-5381","page","type-page","status-publish","hentry"],"acf":[],"yoast_head":"<!-- This site is optimized with the Yoast SEO plugin v26.0 - https:\/\/yoast.com\/wordpress\/plugins\/seo\/ -->\n<title>Progetti speciali -<\/title>\n<meta name=\"robots\" content=\"index, follow, max-snippet:-1, max-image-preview:large, max-video-preview:-1\" \/>\n<link rel=\"canonical\" href=\"https:\/\/palazzoducale.genova.it\/en\/scuole\/progetti-speciali-e-alternanza-scuola-lavoro\/\" \/>\n<meta property=\"og:locale\" content=\"en_US\" \/>\n<meta property=\"og:type\" content=\"article\" \/>\n<meta property=\"og:title\" content=\"Progetti speciali -\" \/>\n<meta property=\"og:description\" content=\"Progetti speciali #Nonsoloascuola Il progetto, elaborato dai Servizi Educativi di Palazzo Ducale in stretta collaborazione con l\u2019USR Liguria e sostenuto da Regione Liguria, costituisce una proposta di didattica integrativa per lo sviluppo di competenze chiave di cittadinanza.Articolato in moduli di forte carattere laboratoriale, in cui \u00e8 incoraggiata e stimolata la partecipazione attiva dei ragazzi, il &hellip; Continue\" \/>\n<meta property=\"og:url\" content=\"https:\/\/palazzoducale.genova.it\/en\/scuole\/progetti-speciali-e-alternanza-scuola-lavoro\/\" \/>\n<meta property=\"article:modified_time\" content=\"2020-08-12T13:36:54+00:00\" \/>\n<meta name=\"twitter:card\" content=\"summary_large_image\" \/>\n<meta name=\"twitter:label1\" content=\"Est. reading time\" \/>\n\t<meta name=\"twitter:data1\" content=\"2 minutes\" \/>\n<script type=\"application\/ld+json\" class=\"yoast-schema-graph\">{\"@context\":\"https:\/\/schema.org\",\"@graph\":[{\"@type\":\"WebPage\",\"@id\":\"https:\/\/palazzoducale.genova.it\/en\/scuole\/progetti-speciali-e-alternanza-scuola-lavoro\/\",\"url\":\"https:\/\/palazzoducale.genova.it\/en\/scuole\/progetti-speciali-e-alternanza-scuola-lavoro\/\",\"name\":\"Progetti speciali -\",\"isPartOf\":{\"@id\":\"https:\/\/palazzoducale.genova.it\/#website\"},\"datePublished\":\"2020-01-22T09:13:23+00:00\",\"dateModified\":\"2020-08-12T13:36:54+00:00\",\"breadcrumb\":{\"@id\":\"https:\/\/palazzoducale.genova.it\/en\/scuole\/progetti-speciali-e-alternanza-scuola-lavoro\/#breadcrumb\"},\"inLanguage\":\"en-US\",\"potentialAction\":[{\"@type\":\"ReadAction\",\"target\":[\"https:\/\/palazzoducale.genova.it\/en\/scuole\/progetti-speciali-e-alternanza-scuola-lavoro\/\"]}]},{\"@type\":\"BreadcrumbList\",\"@id\":\"https:\/\/palazzoducale.genova.it\/en\/scuole\/progetti-speciali-e-alternanza-scuola-lavoro\/#breadcrumb\",\"itemListElement\":[{\"@type\":\"ListItem\",\"position\":1,\"name\":\"Home\",\"item\":\"https:\/\/palazzoducale.genova.it\/en\/\"},{\"@type\":\"ListItem\",\"position\":2,\"name\":\"Scuole\",\"item\":\"https:\/\/palazzoducale.genova.it\/en\/scuole\/\"},{\"@type\":\"ListItem\",\"position\":3,\"name\":\"Progetti speciali\"}]},{\"@type\":\"WebSite\",\"@id\":\"https:\/\/palazzoducale.genova.it\/#website\",\"url\":\"https:\/\/palazzoducale.genova.it\/\",\"name\":\"Fondazione Palazzo Ducale\",\"description\":\"\",\"potentialAction\":[{\"@type\":\"SearchAction\",\"target\":{\"@type\":\"EntryPoint\",\"urlTemplate\":\"https:\/\/palazzoducale.genova.it\/?s={search_term_string}\"},\"query-input\":{\"@type\":\"PropertyValueSpecification\",\"valueRequired\":true,\"valueName\":\"search_term_string\"}}],\"inLanguage\":\"en-US\"}]}<\/script>\n<!-- \/ Yoast SEO plugin. -->","yoast_head_json":{"title":"Progetti speciali -","robots":{"index":"index","follow":"follow","max-snippet":"max-snippet:-1","max-image-preview":"max-image-preview:large","max-video-preview":"max-video-preview:-1"},"canonical":"https:\/\/palazzoducale.genova.it\/en\/scuole\/progetti-speciali-e-alternanza-scuola-lavoro\/","og_locale":"en_US","og_type":"article","og_title":"Progetti speciali -","og_description":"Progetti speciali #Nonsoloascuola Il progetto, elaborato dai Servizi Educativi di Palazzo Ducale in stretta collaborazione con l\u2019USR Liguria e sostenuto da Regione Liguria, costituisce una proposta di didattica integrativa per lo sviluppo di competenze chiave di cittadinanza.Articolato in moduli di forte carattere laboratoriale, in cui \u00e8 incoraggiata e stimolata la partecipazione attiva dei ragazzi, il &hellip; Continue","og_url":"https:\/\/palazzoducale.genova.it\/en\/scuole\/progetti-speciali-e-alternanza-scuola-lavoro\/","article_modified_time":"2020-08-12T13:36:54+00:00","twitter_card":"summary_large_image","twitter_misc":{"Est. reading time":"2 minutes"},"schema":{"@context":"https:\/\/schema.org","@graph":[{"@type":"WebPage","@id":"https:\/\/palazzoducale.genova.it\/en\/scuole\/progetti-speciali-e-alternanza-scuola-lavoro\/","url":"https:\/\/palazzoducale.genova.it\/en\/scuole\/progetti-speciali-e-alternanza-scuola-lavoro\/","name":"Progetti speciali -","isPartOf":{"@id":"https:\/\/palazzoducale.genova.it\/#website"},"datePublished":"2020-01-22T09:13:23+00:00","dateModified":"2020-08-12T13:36:54+00:00","breadcrumb":{"@id":"https:\/\/palazzoducale.genova.it\/en\/scuole\/progetti-speciali-e-alternanza-scuola-lavoro\/#breadcrumb"},"inLanguage":"en-US","potentialAction":[{"@type":"ReadAction","target":["https:\/\/palazzoducale.genova.it\/en\/scuole\/progetti-speciali-e-alternanza-scuola-lavoro\/"]}]},{"@type":"BreadcrumbList","@id":"https:\/\/palazzoducale.genova.it\/en\/scuole\/progetti-speciali-e-alternanza-scuola-lavoro\/#breadcrumb","itemListElement":[{"@type":"ListItem","position":1,"name":"Home","item":"https:\/\/palazzoducale.genova.it\/en\/"},{"@type":"ListItem","position":2,"name":"Scuole","item":"https:\/\/palazzoducale.genova.it\/en\/scuole\/"},{"@type":"ListItem","position":3,"name":"Progetti speciali"}]},{"@type":"WebSite","@id":"https:\/\/palazzoducale.genova.it\/#website","url":"https:\/\/palazzoducale.genova.it\/","name":"Fondazione Palazzo Ducale","description":"","potentialAction":[{"@type":"SearchAction","target":{"@type":"EntryPoint","urlTemplate":"https:\/\/palazzoducale.genova.it\/?s={search_term_string}"},"query-input":{"@type":"PropertyValueSpecification","valueRequired":true,"valueName":"search_term_string"}}],"inLanguage":"en-US"}]}},"_links":{"self":[{"href":"https:\/\/palazzoducale.genova.it\/en\/wp-json\/wp\/v2\/pages\/5381","targetHints":{"allow":["GET"]}}],"collection":[{"href":"https:\/\/palazzoducale.genova.it\/en\/wp-json\/wp\/v2\/pages"}],"about":[{"href":"https:\/\/palazzoducale.genova.it\/en\/wp-json\/wp\/v2\/types\/page"}],"author":[{"embeddable":true,"href":"https:\/\/palazzoducale.genova.it\/en\/wp-json\/wp\/v2\/users\/7"}],"replies":[{"embeddable":true,"href":"https:\/\/palazzoducale.genova.it\/en\/wp-json\/wp\/v2\/comments?post=5381"}],"version-history":[{"count":0,"href":"https:\/\/palazzoducale.genova.it\/en\/wp-json\/wp\/v2\/pages\/5381\/revisions"}],"up":[{"embeddable":true,"href":"https:\/\/palazzoducale.genova.it\/en\/wp-json\/wp\/v2\/pages\/5408"}],"wp:attachment":[{"href":"https:\/\/palazzoducale.genova.it\/en\/wp-json\/wp\/v2\/media?parent=5381"}],"curies":[{"name":"wp","href":"https:\/\/api.w.org\/{rel}","templated":true}]}}