{"id":106275,"date":"2025-10-03T09:44:55","date_gmt":"2025-10-03T07:44:55","guid":{"rendered":"https:\/\/palazzoducale.genova.it\/mepa\/"},"modified":"2026-04-17T07:14:18","modified_gmt":"2026-04-17T05:14:18","slug":"mepa","status":"publish","type":"page","link":"https:\/\/palazzoducale.genova.it\/en\/mepa\/","title":{"rendered":"MEPA"},"content":{"rendered":"\n<div class=\"wp-block-group alignwide py-3\"><div class=\"wp-block-group__inner-container is-layout-constrained wp-block-group-is-layout-constrained\">\n<p>Palazzo Ducale \u00e8 presente e abilitato sul portale <strong>MEPA di Consip<\/strong>: <a href=\"https:\/\/www.acquistinretepa.it\">https:\/\/www.acquistinretepa.it<\/a>, nell\u2019area <strong>SERVIZI<\/strong>: Servizi di formazione (cpv: 80500000-9).<br><br>Ogni anno ad inizio anno scolastico viene pubblicato il catalogo per accedere ai nostri servizi didattici. Per procedere, vi invitiamo a contattare il nostro servizio prenotazioni con le consuete modalit\u00e0: una volta individuata la proposta educativa di vostro interesse, sar\u00e0 possibile concludere la trattativa direttamente su MEPA.<br><br>Per facilitare la ricerca dei nostri articoli su MEPA, vi consigliamo di utilizzare l\u2019apposita funzione <strong>\u201cRicerca per codici prodotto\u201d<\/strong> e <strong>digitare il nostro codice articolo <\/strong>cos\u00ec come riportato nella tabella che segue::<br><\/p>\n\n\n<div class=\"wp-block-image\">\n<figure class=\"aligncenter size-full\"><img loading=\"lazy\" decoding=\"async\" width=\"642\" height=\"107\" src=\"https:\/\/palazzoducale.genova.it\/wp-content\/uploads\/acpa.png\" alt=\"\" class=\"wp-image-98001\"\/><\/figure>\n<\/div>\n\n\n<div class=\"wp-block-table\">\n<table class=\"has-fixed-layout\">\n<thead>\n<tr>\n<th class=\"has-text-align-left\" scope=\"col\" data-align=\"left\"><strong>Codice Palazzo Ducale<\/strong><\/th>\n<th class=\"has-text-align-left\" scope=\"col\" data-align=\"left\"><strong>Titolo corso<\/strong><\/th>\n<th class=\"has-text-align-left\" scope=\"col\" data-align=\"left\"><strong>Prezzo<\/strong><\/th>\n<th class=\"has-text-align-left\" scope=\"col\" data-align=\"left\"><strong>Unit\u00e0 di vendita<\/strong><\/th>\n<th class=\"has-text-align-left\" scope=\"col\" data-align=\"left\"><strong>Brochure relativa<\/strong><\/th>\n<\/tr>\n<\/thead>\n<tbody>\n<tr>\n<td>DucaleGenova_202501<\/td>\n<td>Laboratori a Palazzo Ducale collaterali a mostre in corso<\/td>\n<td>120 \u20ac (IVA esente &#8211; inserire iva 0%)<\/td>\n<td>corso<\/td>\n<td><a href=\"https:\/\/palazzoducale.genova.it\/wp-content\/uploads\/01_Laboratori-a-Palazzo-Ducale-collaterali-a-mostre-in-corso_2025-26.pdf\">01_Laboratori a Palazzo Ducale collaterali a mostre in corso_2025.26.pdf<\/a><\/td>\n<\/tr>\n<tr>\n<td>DucaleGenova_202502<\/td>\n<td>Percorso in mostra + laboratorio<\/td>\n<td>160 \u20ac (IVA esente &#8211; inserire iva 0%)<\/td>\n<td>corso<\/td>\n<td><a href=\"https:\/\/palazzoducale.genova.it\/wp-content\/uploads\/02_Percorso-in-mostralaboratorio_2025-26-1.pdf\">02_Percorso in mostra + laboratorio_2025-26.pdf<\/a><\/td>\n<\/tr>\n<tr>\n<td>DucaleGenova_202503<\/td>\n<td>Visita guidata in lingua italiana in mostra<\/td>\n<td>90 (IVA Esente &#8211; inserire IVA 0%)<\/td>\n<td>corso<\/td>\n<td><a href=\"https:\/\/palazzoducale.genova.it\/wp-content\/uploads\/03_Visita-guidata-in-lingua-italiana-in-mostra_2025-26.pdf\">03_Visita guidata in lingua italiana in mostra_2025-26.pdf<\/a><\/td>\n<\/tr>\n<tr>\n<td>DucaleGenova_202504<\/td>\n<td>Visita guidata in lingua (inglese e francese) in mostra<\/td>\n<td>100 (IVA Esente &#8211; inserire IVA 0%)<\/td>\n<td>corso<\/td>\n<td><a href=\"https:\/\/palazzoducale.genova.it\/wp-content\/uploads\/04_Visita-guidata-in-lingua-inglese-o-francese-in-mostra_2025-26.pdf\">04_Visita guidata in lingua (inglese o francese) in mostra_2025-26.pdf<\/a><\/td>\n<\/tr>\n<tr>\n<td>DucaleGenova_202505<\/td>\n<td>Visita guidata in lingua italiana in mostra + giro citt\u00e0<\/td>\n<td>150 (IVA Esente &#8211; inserire IVA 0%)<\/td>\n<td>corso<\/td>\n<td><a href=\"https:\/\/palazzoducale.genova.it\/wp-content\/uploads\/05_Visita-guidata-in-lingua-italiana-in-mostra-giro-citta_2025-26.pdf\">05_Visita guidata in lingua italiana in mostra + giro citt\u00e0_2025-26.pdf<\/a><\/td>\n<\/tr>\n<tr>\n<td>DucaleGenova_202506<\/td>\n<td>Visita guidata in lingua italiana in mostra + visita guidata a Palazzo Ducale e\/o Torre Grimaldina e Carceri*<\/td>\n<td>120 \u20ac (IVA esente &#8211; inserire iva 0%)<\/td>\n<td>corso<\/td>\n<td><a href=\"https:\/\/palazzoducale.genova.it\/wp-content\/uploads\/06_Visita-guidata-in-lingua-italiana-in-mostra-Palazzo-Ducale-Torre-e-Carceri_2025-26.pdf\">06_Visita guidata in lingua italiana in mostra + visita guidata a Palazzo Ducale, Torre e Carceri_2025-26.pdf<\/a><\/td>\n<\/tr>\n<tr>\n<td>DucaleGenova_202507<\/td>\n<td>Laboratori a scuola collaterali a mostre in corso<\/td>\n<td>140 \u20ac (IVA esente &#8211; inserire iva 0%)<\/td>\n<td>corso<\/td>\n<td><a href=\"https:\/\/palazzoducale.genova.it\/wp-content\/uploads\/07_Laboratori-a-scuola-collaterali-a-mostre-in-corso_2025-26.pdf\">07_Laboratori a scuola collaterali a mostre in corso_2025-26.pdf<\/a><\/td>\n<\/tr>\n<tr>\n<td>DucaleGenova_202508<\/td>\n<td>Laboratori a scuola non collaterali a mostre in corso<\/td>\n<td>114,76 \u20ac (inserire IVA 22%)<\/td>\n<td>corso<\/td>\n<td><a href=\"https:\/\/palazzoducale.genova.it\/pdf\/mepa\/08_Laboratori a scuola non collaterali a mostre in corso_2025-26.pdf\" target=\"_blank\" rel=\"noreferrer noopener\" data-type=\"page\" data-id=\"97998\">08_Percorso + laboratorio nei Musei Civici di Genova_2025-26.pdf<\/a><\/td>\n<\/tr>\n<tr>\n<td>DucaleGenova_202509<\/td>\n<td>Laboratori a Palazzo Ducale non collaterali a mostre in corso<\/td>\n<td>98,37 \u20ac (inserire IVA 22%)<\/td>\n<td>corso<\/td>\n<td><a href=\"https:\/\/palazzoducale.genova.it\/pdf\/mepa\/09_Laboratori a Palazzo Ducale non collaterali a mostre in corso_2025-26.pdf\" target=\"_blank\" rel=\"noreferrer noopener\" data-type=\"page\" data-id=\"97998\">09_Laboratori a Palazzo Ducale non collaterali a mostre in corso _2025-26.pdf <\/a><\/td>\n<\/tr>\n<tr>\n<td>DucaleGenova_202510<\/td>\n<td>Percorsi di visita partecipati e laboratori nei Musei Civici di Genova<\/td>\n<td>4,1 \u20ac (inserire IVA 22%)<\/td>\n<td>singolo partecipante<\/td>\n<td><a href=\"https:\/\/palazzoducale.genova.it\/pdf\/mepa\/10_Percorsi di visita partecipati e laboratori Musei Civici_2025-26.pdf\" target=\"_blank\" rel=\"noreferrer noopener\" data-type=\"page\" data-id=\"97998\">10_Percorsi di visita partecipati e laboratori nei Musei Civici di Genova_2025-26.pdf<\/a><\/td>\n<\/tr>\n<tr>\n<td>DucaleGenova_202511<\/td>\n<td>Percorso + laboratorio a Palazzo Ducale non collaterale a mostre in corso<\/td>\n<td>98,37 \u20ac (inserire IVA 22%)<\/td>\n<td>corso<\/td>\n<td><a href=\"https:\/\/palazzoducale.genova.it\/pdf\/mepa\/11_Percorso + laboratorio a Palazzo Ducale non collaterale a mostre in corso_2025-26.pdf\" target=\"_blank\" rel=\"noreferrer noopener\" data-type=\"page\" data-id=\"97998\">11_Percorso + laboratorio a Palazzo Ducale non collaterale a mostre in corso_2025-26.pdf <\/a><\/td>\n<\/tr>\n<tr>\n<td>DucaleGenova_202512<\/td>\n<td>Visita guidata in lingua italiana a Palazzo Ducale, Torre Grimaldina e Carceri*<\/td>\n<td>73,77 \u20ac (inserire IVA 22%)<\/td>\n<td>corso<\/td>\n<td><a href=\"https:\/\/palazzoducale.genova.it\/pdf\/mepa\/12_Visita guidata in lingua italiana a Palazzo Ducale, Torre e Carceri_2025-26.pdf\" target=\"_blank\" rel=\"noreferrer noopener\" data-type=\"page\" data-id=\"97998\">12_Visita guidata in lingua italiana a Palazzo Ducale, Torre Grimaldina e Carceri_2025-26.pdf <\/a><\/td>\n<\/tr>\n<tr>\n<td>DucaleGenova_202513<\/td>\n<td>Visita guidata in citt\u00e0 complementare ad attivit\u00e0 didattiche nei Musei Civici di Genova<\/td>\n<td>98,37 \u20ac (inserire IVA 22%)<\/td>\n<td>corso<\/td>\n<td><a href=\"https:\/\/palazzoducale.genova.it\/pdf\/mepa\/13_Visita guidata in citta complementare ad attivita didattiche nei Musei Civici di Genova_2025-26.pdf\" target=\"_blank\" rel=\"noreferrer noopener\">13_Visita guidata in citt\u00e0 complementare ad attivit\u00e0 didattiche nei Musei Civici di Genova_2025-26.pdf<\/a><\/td>\n<\/tr>\n<tr>\n<td>DucaleGenova_202514<\/td>\n<td>Laboratorio speciale a Palazzo Ducale collaterale a mostra Moby Dick<\/td>\n<td>160 \u20ac (IVA esente &#8211; inserire iva 0%)<\/td>\n<td>corso<\/td>\n<td><a href=\"https:\/\/palazzoducale.genova.it\/pdf\/mepa\/14_Laboratorio speciale a Palazzo Ducale collaterale a mostra Moby Dick_2025-26.pdf\" target=\"_blank\" rel=\"noreferrer noopener\">14_Laboratorio speciale a Palazzo Ducale collaterale a mostra Moby Dick_2025-26.pdf<\/a><\/td>\n<\/tr>\n<\/tbody>\n<\/table>\n<p class=\"wp-element-caption\">*La torre \u00e8 attualmente in restauro, aprir\u00e0 nella prima met\u00e0 del 2026. Si prega di contattare i nostri uffici per aggiornamenti in proposito<\/p>\n<\/div>\n\n\n\n<div style=\"height:55px\" aria-hidden=\"true\" class=\"wp-block-spacer\"><\/div>\n\n\n\n<p class=\"has-text-align-center\"><strong>Le connessioni possibili sono qui elencate:<\/strong><\/p>\n\n\n\n<div class=\"wp-block-table\">\n<table class=\"has-fixed-layout\">\n<thead>\n<tr>\n<th class=\"has-text-align-left\" scope=\"col\" data-align=\"left\"><strong>Codice Palazzo Ducale<\/strong><\/th>\n<th class=\"has-text-align-left\" scope=\"col\" data-align=\"left\"><strong>Titolo corso<\/strong><\/th>\n<th class=\"has-text-align-left\" colspan=\"2\" scope=\"col\" data-align=\"left\"><strong>Possibili connessioni<\/strong><\/th>\n<\/tr>\n<\/thead>\n<tbody>\n<tr>\n<td rowspan=\"4\">DucaleGenova_202501<\/td>\n<td rowspan=\"4\">Laboratori a Palazzo Ducale collaterali a mostre in corso<\/td>\n<td>DucaleGenova_202503<\/td>\n<td>Visita guidata in lingua italiana in mostra<\/td>\n<\/tr>\n<tr>\n<td>DucaleGenova_202504<\/td>\n<td>Visita guidata in lingua (inglese e francese) in mostra<\/td>\n<\/tr>\n<tr>\n<td>DucaleGenova_202505<\/td>\n<td>Visita guidata in lingua italiana in mostra + giro citt\u00e0<\/td>\n<\/tr>\n<tr>\n<td>DucaleGenova_202506<\/td>\n<td>Visita guidata in lingua italiana in mostra + visita guidata a Palazzo Ducale e\/o Torre Grimaldina e Carceri*<\/td>\n<\/tr>\n<tr>\n<td>DucaleGenova_202502<\/td>\n<td>Percorso in mostra + laboratorio<\/td>\n<td>\u00a0<\/td>\n<td>\u00a0<\/td>\n<\/tr>\n<tr>\n<td rowspan=\"2\">DucaleGenova_202503<\/td>\n<td rowspan=\"2\">Visita guidata in lingua italiana in mostra<\/td>\n<td>DucaleGenova_202501<\/td>\n<td>Laboratori a Palazzo Ducale collaterali a mostre in corso<\/td>\n<\/tr>\n<tr>\n<td>DucaleGenova_202507<\/td>\n<td>Laboratori a scuola collaterali a mostre in corso<\/td>\n<\/tr>\n<tr>\n<td rowspan=\"2\">DucaleGenova_202504<\/td>\n<td rowspan=\"2\">Visita guidata in lingua (inglese e francese) in mostra<\/td>\n<td>DucaleGenova_202501<\/td>\n<td>Laboratori a Palazzo Ducale collaterali a mostre in corso<\/td>\n<\/tr>\n<tr>\n<td>DucaleGenova_202507<\/td>\n<td>Laboratori a scuola collaterali a mostre in corso<\/td>\n<\/tr>\n<tr>\n<td rowspan=\"2\">DucaleGenova_202505<\/td>\n<td rowspan=\"2\">Visita guidata in lingua italiana in mostra + giro citt\u00e0<\/td>\n<td>DucaleGenova_202501<\/td>\n<td>Laboratori a Palazzo Ducale collaterali a mostre in corso<\/td>\n<\/tr>\n<tr>\n<td>DucaleGenova_202507<\/td>\n<td>Laboratori a scuola collaterali a mostre in corso<\/td>\n<\/tr>\n<tr>\n<td rowspan=\"2\">DucaleGenova_202506<\/td>\n<td rowspan=\"2\">Visita guidata in lingua italiana in mostra + visita guidata a Palazzo Ducale e\/o Torre Grimaldina e Carceri<\/td>\n<td>DucaleGenova_202501<\/td>\n<td>Laboratori a Palazzo Ducale collaterali a mostre in corso<\/td>\n<\/tr>\n<tr>\n<td>DucaleGenova_202507<\/td>\n<td>Laboratori a scuola collaterali a mostre in corso<\/td>\n<\/tr>\n<tr>\n<td rowspan=\"3\">DucaleGenova_202507<\/td>\n<td rowspan=\"3\">Laboratori a scuola collaterali a mostre in corso<\/td>\n<td>DucaleGenova_202503<\/td>\n<td>Visita guidata in lingua italiana in mostra<\/td>\n<\/tr>\n<tr>\n<td>DucaleGenova_202504<\/td>\n<td>Visita guidata in lingua (inglese e francese) in mostra<\/td>\n<\/tr>\n<tr>\n<td>DucaleGenova_202506<\/td>\n<td>Visita guidata in lingua italiana in mostra + visita guidata a Palazzo Ducale e\/o Torre Grimaldina e Carceri*<\/td>\n<\/tr>\n<tr>\n<td>DucaleGenova_202508<\/td>\n<td>Laboratori a scuola non collaterali a mostre in corso<\/td>\n<td>\u00a0<\/td>\n<td>\u00a0<\/td>\n<\/tr>\n<tr>\n<td>DucaleGenova_202509<\/td>\n<td>Laboratori a Palazzo Ducale non collaterali a mostre in corso\u00a0<\/td>\n<td>\u00a0<\/td>\n<td>\u00a0<\/td>\n<\/tr>\n<tr>\n<td>DucaleGenova_202510<\/td>\n<td>Percorsi di visita partecipati e laboratori nei Musei Civici di Genova<\/td>\n<td>DucaleGenova_202513<\/td>\n<td>Visita guidata in citt\u00e0 complementare ad attivit\u00e0 didattiche nei Musei Civici di Genova<\/td>\n<\/tr>\n<tr>\n<td>DucaleGenova_202511<\/td>\n<td>Percorso + laboratorio a Palazzo Ducale\u00a0 non collaterale a mostre in corso\u00a0<\/td>\n<td>\u00a0<\/td>\n<td>\u00a0<\/td>\n<\/tr>\n<tr>\n<td>DucaleGenova_202512<\/td>\n<td>Visita guidata in lingua italiana a Palazzo Ducale, Torre Grimaldina e Carceri*<\/td>\n<td>DucaleGenova_202509<\/td>\n<td>Laboratori a Palazzo Ducale non collaterali a mostre in corso\u00a0<\/td>\n<\/tr>\n<tr>\n<td>DucaleGenova_202513<\/td>\n<td>Visita guidata in citt\u00e0 complementare ad attivit\u00e0 didattiche nei Musei Civici di Genova<\/td>\n<td>DucaleGenova_202510<\/td>\n<td>Percorsi di visita partecipati e laboratori nei Musei Civici di Genova<\/td>\n<\/tr>\n<tr>\n<td rowspan=\"4\">DucaleGenova_202514<\/td>\n<td rowspan=\"4\">Laboratorio speciale a Palazzo Ducale collaterale a mostra Moby Dick<\/td>\n<td>DucaleGenova_202503<\/td>\n<td>Visita guidata in lingua italiana in mostra<\/td>\n<\/tr>\n<tr>\n<td>DucaleGenova_202504<\/td>\n<td>Visita guidata in lingua (inglese e francese) in mostra<\/td>\n<\/tr>\n<tr>\n<td>DucaleGenova_202505<\/td>\n<td>Visita guidata in lingua italiana in mostra + giro citt\u00e0<\/td>\n<\/tr>\n<tr>\n<td>DucaleGenova_202506<\/td>\n<td>Visita guidata in lingua italiana in mostra + visita guidata a Palazzo Ducale e\/o Torre Grimaldina e Carceri*<\/td>\n<\/tr>\n<\/tbody>\n<\/table>\n<p class=\"wp-element-caption\">\u00a0<\/p>\n<\/div>\n\n\n\n<h2 class=\"wp-block-heading\">Informazioni<\/h2>\n\n\n\n<p>Per qualsiasi necessit\u00e0 scrivere a: <a href=\"mailto:prenotazioniscuole@palazzoducale.genova.it\">prenotazioniscuole@palazzoducale.genova.it<\/a> <br>oppure chiamare il numero 0108171604<br>marted\u00ec e gioved\u00ec ore 11.00-13.00 \/ mercoled\u00ec e venerd\u00ec ore 14.00-16.00<\/p>\n<\/div><\/div>\n","protected":false},"excerpt":{"rendered":"<p>Palazzo Ducale \u00e8 presente e abilitato sul portale MEPA di Consip: https:\/\/www.acquistinretepa.it, nell\u2019area SERVIZI: Servizi di formazione (cpv: 80500000-9). Ogni anno ad inizio anno scolastico viene pubblicato il catalogo per accedere ai nostri servizi didattici. Per procedere, vi invitiamo a contattare il nostro servizio prenotazioni con le consuete modalit\u00e0: una volta individuata la proposta educativa &hellip; <a href=\"https:\/\/palazzoducale.genova.it\/en\/mepa\/\">Continue<\/a><\/p>\n","protected":false},"author":15,"featured_media":103212,"parent":0,"menu_order":0,"comment_status":"closed","ping_status":"closed","template":"","meta":{"_acf_changed":false,"inline_featured_image":false,"footnotes":""},"class_list":["post-106275","page","type-page","status-publish","has-post-thumbnail","hentry"],"acf":[],"yoast_head":"<!-- This site is optimized with the Yoast SEO plugin v26.0 - https:\/\/yoast.com\/wordpress\/plugins\/seo\/ -->\n<title>MEPA -<\/title>\n<meta name=\"robots\" content=\"index, follow, max-snippet:-1, max-image-preview:large, max-video-preview:-1\" \/>\n<link rel=\"canonical\" href=\"https:\/\/palazzoducale.genova.it\/en\/mepa\/\" \/>\n<meta property=\"og:locale\" content=\"en_US\" \/>\n<meta property=\"og:type\" content=\"article\" \/>\n<meta property=\"og:title\" content=\"MEPA -\" \/>\n<meta property=\"og:description\" content=\"Palazzo Ducale \u00e8 presente e abilitato sul portale MEPA di Consip: https:\/\/www.acquistinretepa.it, nell\u2019area SERVIZI: Servizi di formazione (cpv: 80500000-9). Ogni anno ad inizio anno scolastico viene pubblicato il catalogo per accedere ai nostri servizi didattici. Per procedere, vi invitiamo a contattare il nostro servizio prenotazioni con le consuete modalit\u00e0: una volta individuata la proposta educativa &hellip; Continue\" \/>\n<meta property=\"og:url\" content=\"https:\/\/palazzoducale.genova.it\/en\/mepa\/\" \/>\n<meta property=\"article:modified_time\" content=\"2026-04-17T05:14:18+00:00\" \/>\n<meta property=\"og:image\" content=\"https:\/\/palazzoducale.genova.it\/wp-content\/uploads\/mepa-thumb-01.png\" \/>\n\t<meta property=\"og:image:width\" content=\"500\" \/>\n\t<meta property=\"og:image:height\" content=\"500\" \/>\n\t<meta property=\"og:image:type\" content=\"image\/png\" \/>\n<meta name=\"twitter:card\" content=\"summary_large_image\" \/>\n<meta name=\"twitter:label1\" content=\"Est. reading time\" \/>\n\t<meta name=\"twitter:data1\" content=\"6 minutes\" \/>\n<script type=\"application\/ld+json\" class=\"yoast-schema-graph\">{\"@context\":\"https:\/\/schema.org\",\"@graph\":[{\"@type\":\"WebPage\",\"@id\":\"https:\/\/palazzoducale.genova.it\/en\/mepa\/\",\"url\":\"https:\/\/palazzoducale.genova.it\/en\/mepa\/\",\"name\":\"MEPA -\",\"isPartOf\":{\"@id\":\"https:\/\/palazzoducale.genova.it\/#website\"},\"primaryImageOfPage\":{\"@id\":\"https:\/\/palazzoducale.genova.it\/en\/mepa\/#primaryimage\"},\"image\":{\"@id\":\"https:\/\/palazzoducale.genova.it\/en\/mepa\/#primaryimage\"},\"thumbnailUrl\":\"https:\/\/palazzoducale.genova.it\/wp-content\/uploads\/mepa-thumb-01.png\",\"datePublished\":\"2025-10-03T07:44:55+00:00\",\"dateModified\":\"2026-04-17T05:14:18+00:00\",\"breadcrumb\":{\"@id\":\"https:\/\/palazzoducale.genova.it\/en\/mepa\/#breadcrumb\"},\"inLanguage\":\"en-US\",\"potentialAction\":[{\"@type\":\"ReadAction\",\"target\":[\"https:\/\/palazzoducale.genova.it\/en\/mepa\/\"]}]},{\"@type\":\"ImageObject\",\"inLanguage\":\"en-US\",\"@id\":\"https:\/\/palazzoducale.genova.it\/en\/mepa\/#primaryimage\",\"url\":\"https:\/\/palazzoducale.genova.it\/wp-content\/uploads\/mepa-thumb-01.png\",\"contentUrl\":\"https:\/\/palazzoducale.genova.it\/wp-content\/uploads\/mepa-thumb-01.png\",\"width\":500,\"height\":500},{\"@type\":\"BreadcrumbList\",\"@id\":\"https:\/\/palazzoducale.genova.it\/en\/mepa\/#breadcrumb\",\"itemListElement\":[{\"@type\":\"ListItem\",\"position\":1,\"name\":\"Home\",\"item\":\"https:\/\/palazzoducale.genova.it\/en\/\"},{\"@type\":\"ListItem\",\"position\":2,\"name\":\"MEPA\"}]},{\"@type\":\"WebSite\",\"@id\":\"https:\/\/palazzoducale.genova.it\/#website\",\"url\":\"https:\/\/palazzoducale.genova.it\/\",\"name\":\"Fondazione Palazzo Ducale\",\"description\":\"\",\"potentialAction\":[{\"@type\":\"SearchAction\",\"target\":{\"@type\":\"EntryPoint\",\"urlTemplate\":\"https:\/\/palazzoducale.genova.it\/?s={search_term_string}\"},\"query-input\":{\"@type\":\"PropertyValueSpecification\",\"valueRequired\":true,\"valueName\":\"search_term_string\"}}],\"inLanguage\":\"en-US\"}]}<\/script>\n<!-- \/ Yoast SEO plugin. -->","yoast_head_json":{"title":"MEPA -","robots":{"index":"index","follow":"follow","max-snippet":"max-snippet:-1","max-image-preview":"max-image-preview:large","max-video-preview":"max-video-preview:-1"},"canonical":"https:\/\/palazzoducale.genova.it\/en\/mepa\/","og_locale":"en_US","og_type":"article","og_title":"MEPA -","og_description":"Palazzo Ducale \u00e8 presente e abilitato sul portale MEPA di Consip: https:\/\/www.acquistinretepa.it, nell\u2019area SERVIZI: Servizi di formazione (cpv: 80500000-9). Ogni anno ad inizio anno scolastico viene pubblicato il catalogo per accedere ai nostri servizi didattici. Per procedere, vi invitiamo a contattare il nostro servizio prenotazioni con le consuete modalit\u00e0: una volta individuata la proposta educativa &hellip; Continue","og_url":"https:\/\/palazzoducale.genova.it\/en\/mepa\/","article_modified_time":"2026-04-17T05:14:18+00:00","og_image":[{"width":500,"height":500,"url":"https:\/\/palazzoducale.genova.it\/wp-content\/uploads\/mepa-thumb-01.png","type":"image\/png"}],"twitter_card":"summary_large_image","twitter_misc":{"Est. reading time":"6 minutes"},"schema":{"@context":"https:\/\/schema.org","@graph":[{"@type":"WebPage","@id":"https:\/\/palazzoducale.genova.it\/en\/mepa\/","url":"https:\/\/palazzoducale.genova.it\/en\/mepa\/","name":"MEPA -","isPartOf":{"@id":"https:\/\/palazzoducale.genova.it\/#website"},"primaryImageOfPage":{"@id":"https:\/\/palazzoducale.genova.it\/en\/mepa\/#primaryimage"},"image":{"@id":"https:\/\/palazzoducale.genova.it\/en\/mepa\/#primaryimage"},"thumbnailUrl":"https:\/\/palazzoducale.genova.it\/wp-content\/uploads\/mepa-thumb-01.png","datePublished":"2025-10-03T07:44:55+00:00","dateModified":"2026-04-17T05:14:18+00:00","breadcrumb":{"@id":"https:\/\/palazzoducale.genova.it\/en\/mepa\/#breadcrumb"},"inLanguage":"en-US","potentialAction":[{"@type":"ReadAction","target":["https:\/\/palazzoducale.genova.it\/en\/mepa\/"]}]},{"@type":"ImageObject","inLanguage":"en-US","@id":"https:\/\/palazzoducale.genova.it\/en\/mepa\/#primaryimage","url":"https:\/\/palazzoducale.genova.it\/wp-content\/uploads\/mepa-thumb-01.png","contentUrl":"https:\/\/palazzoducale.genova.it\/wp-content\/uploads\/mepa-thumb-01.png","width":500,"height":500},{"@type":"BreadcrumbList","@id":"https:\/\/palazzoducale.genova.it\/en\/mepa\/#breadcrumb","itemListElement":[{"@type":"ListItem","position":1,"name":"Home","item":"https:\/\/palazzoducale.genova.it\/en\/"},{"@type":"ListItem","position":2,"name":"MEPA"}]},{"@type":"WebSite","@id":"https:\/\/palazzoducale.genova.it\/#website","url":"https:\/\/palazzoducale.genova.it\/","name":"Fondazione Palazzo Ducale","description":"","potentialAction":[{"@type":"SearchAction","target":{"@type":"EntryPoint","urlTemplate":"https:\/\/palazzoducale.genova.it\/?s={search_term_string}"},"query-input":{"@type":"PropertyValueSpecification","valueRequired":true,"valueName":"search_term_string"}}],"inLanguage":"en-US"}]}},"_links":{"self":[{"href":"https:\/\/palazzoducale.genova.it\/en\/wp-json\/wp\/v2\/pages\/106275","targetHints":{"allow":["GET"]}}],"collection":[{"href":"https:\/\/palazzoducale.genova.it\/en\/wp-json\/wp\/v2\/pages"}],"about":[{"href":"https:\/\/palazzoducale.genova.it\/en\/wp-json\/wp\/v2\/types\/page"}],"author":[{"embeddable":true,"href":"https:\/\/palazzoducale.genova.it\/en\/wp-json\/wp\/v2\/users\/15"}],"replies":[{"embeddable":true,"href":"https:\/\/palazzoducale.genova.it\/en\/wp-json\/wp\/v2\/comments?post=106275"}],"version-history":[{"count":6,"href":"https:\/\/palazzoducale.genova.it\/en\/wp-json\/wp\/v2\/pages\/106275\/revisions"}],"predecessor-version":[{"id":110520,"href":"https:\/\/palazzoducale.genova.it\/en\/wp-json\/wp\/v2\/pages\/106275\/revisions\/110520"}],"wp:featuredmedia":[{"embeddable":true,"href":"https:\/\/palazzoducale.genova.it\/en\/wp-json\/wp\/v2\/media\/103212"}],"wp:attachment":[{"href":"https:\/\/palazzoducale.genova.it\/en\/wp-json\/wp\/v2\/media?parent=106275"}],"curies":[{"name":"wp","href":"https:\/\/api.w.org\/{rel}","templated":true}]}}